{"id":16436,"date":"2018-12-14T09:38:51","date_gmt":"2018-12-14T08:38:58","guid":{"rendered":"https:\/\/www.oros.com\/services\/coaching\/"},"modified":"2022-07-07T15:46:15","modified_gmt":"2022-07-07T13:46:15","slug":"accompagnement-et-expertise","status":"publish","type":"page","link":"https:\/\/www.oros.com\/fr\/services\/accompagnement-et-expertise\/","title":{"rendered":"Accompagnement et expertise"},"content":{"rendered":"<p>Pour aller plus loin, nous proposons une assistance \u00e0 la mesure. Nous nous rendons sur place et int\u00e9grons totalement votre \u00e9quipe. Nous pouvons recommander une optimisation de votre processus de mesure en fonction de votre application et des exigences du terrain. Nous pouvons m\u00eame effectuer la mesure pour vous : diagnostic sur site ou caract\u00e9risation de prototype.<\/p>\n","protected":false},"excerpt":{"rendered":"<p>Pour aller plus loin, nous proposons une assistance \u00e0 la mesure. Nous nous rendons sur place et int\u00e9grons totalement votre&#8230; <span class=\"moretag btn btn--right btn--bold\">Lire la suite<\/span><\/p>\n","protected":false},"author":2,"featured_media":1825,"parent":16432,"menu_order":0,"comment_status":"closed","ping_status":"closed","template":"views\/solutions.blade.php","meta":{"_acf_changed":false,"inline_featured_image":false,"footnotes":""},"class_list":["post-16436","page","type-page","status-publish","has-post-thumbnail","hentry"],"acf":[],"yoast_head":"<!-- This site is optimized with the Yoast SEO plugin v27.5 - https:\/\/yoast.com\/product\/yoast-seo-wordpress\/ -->\n<title>Noise and vibration coaching and expertise services - OROS<\/title>\n<meta name=\"description\" content=\"Our experts provide on-site assistance and expertise in diagnostics to optimize your noise and vibration measurement process.\" \/>\n<meta name=\"robots\" content=\"index, follow, max-snippet:-1, max-image-preview:large, max-video-preview:-1\" \/>\n<link rel=\"canonical\" href=\"https:\/\/www.oros.com\/fr\/services\/accompagnement-et-expertise\/\" \/>\n<meta property=\"og:locale\" content=\"fr_FR\" \/>\n<meta property=\"og:type\" content=\"article\" \/>\n<meta property=\"og:title\" content=\"Noise and vibration coaching and expertise services - OROS\" \/>\n<meta property=\"og:description\" content=\"Our experts provide on-site assistance and expertise in diagnostics to optimize your noise and vibration measurement process.\" \/>\n<meta property=\"og:url\" content=\"https:\/\/www.oros.com\/fr\/services\/accompagnement-et-expertise\/\" \/>\n<meta property=\"og:site_name\" content=\"OROS\" \/>\n<meta property=\"article:modified_time\" content=\"2022-07-07T13:46:15+00:00\" \/>\n<meta property=\"og:image\" content=\"https:\/\/www.oros.com\/wp-content\/uploads\/2019\/02\/situation_ep_wind-mill-cabin1_web.jpg\" \/>\n\t<meta property=\"og:image:width\" content=\"747\" \/>\n\t<meta property=\"og:image:height\" content=\"1000\" \/>\n\t<meta property=\"og:image:type\" content=\"image\/jpeg\" \/>\n<meta name=\"twitter:card\" content=\"summary_large_image\" \/>\n<script type=\"application\/ld+json\" class=\"yoast-schema-graph\">{\"@context\":\"https:\\\/\\\/schema.org\",\"@graph\":[{\"@type\":\"WebPage\",\"@id\":\"https:\\\/\\\/www.oros.com\\\/fr\\\/services\\\/accompagnement-et-expertise\\\/\",\"url\":\"https:\\\/\\\/www.oros.com\\\/fr\\\/services\\\/accompagnement-et-expertise\\\/\",\"name\":\"Noise and vibration coaching and expertise services - OROS\",\"isPartOf\":{\"@id\":\"https:\\\/\\\/www.oros.com\\\/#website\"},\"primaryImageOfPage\":{\"@id\":\"https:\\\/\\\/www.oros.com\\\/fr\\\/services\\\/accompagnement-et-expertise\\\/#primaryimage\"},\"image\":{\"@id\":\"https:\\\/\\\/www.oros.com\\\/fr\\\/services\\\/accompagnement-et-expertise\\\/#primaryimage\"},\"thumbnailUrl\":\"https:\\\/\\\/www.oros.com\\\/wp-content\\\/uploads\\\/2019\\\/02\\\/situation_ep_wind-mill-cabin1_web.jpg\",\"datePublished\":\"2018-12-14T08:38:58+00:00\",\"dateModified\":\"2022-07-07T13:46:15+00:00\",\"description\":\"Our experts provide on-site assistance and expertise in diagnostics to optimize your noise and vibration measurement process.\",\"breadcrumb\":{\"@id\":\"https:\\\/\\\/www.oros.com\\\/fr\\\/services\\\/accompagnement-et-expertise\\\/#breadcrumb\"},\"inLanguage\":\"fr-FR\",\"potentialAction\":[{\"@type\":\"ReadAction\",\"target\":[\"https:\\\/\\\/www.oros.com\\\/fr\\\/services\\\/accompagnement-et-expertise\\\/\"]}]},{\"@type\":\"ImageObject\",\"inLanguage\":\"fr-FR\",\"@id\":\"https:\\\/\\\/www.oros.com\\\/fr\\\/services\\\/accompagnement-et-expertise\\\/#primaryimage\",\"url\":\"https:\\\/\\\/www.oros.com\\\/wp-content\\\/uploads\\\/2019\\\/02\\\/situation_ep_wind-mill-cabin1_web.jpg\",\"contentUrl\":\"https:\\\/\\\/www.oros.com\\\/wp-content\\\/uploads\\\/2019\\\/02\\\/situation_ep_wind-mill-cabin1_web.jpg\",\"width\":747,\"height\":1000},{\"@type\":\"BreadcrumbList\",\"@id\":\"https:\\\/\\\/www.oros.com\\\/fr\\\/services\\\/accompagnement-et-expertise\\\/#breadcrumb\",\"itemListElement\":[{\"@type\":\"ListItem\",\"position\":1,\"name\":\"Accueil\",\"item\":\"https:\\\/\\\/www.oros.com\\\/fr\\\/\"},{\"@type\":\"ListItem\",\"position\":2,\"name\":\"Services\",\"item\":\"https:\\\/\\\/www.oros.com\\\/fr\\\/services\\\/\"},{\"@type\":\"ListItem\",\"position\":3,\"name\":\"Accompagnement et expertise\"}]},{\"@type\":\"WebSite\",\"@id\":\"https:\\\/\\\/www.oros.com\\\/#website\",\"url\":\"https:\\\/\\\/www.oros.com\\\/\",\"name\":\"OROS\",\"description\":\"Measuring noise &amp; vibration\",\"potentialAction\":[{\"@type\":\"SearchAction\",\"target\":{\"@type\":\"EntryPoint\",\"urlTemplate\":\"https:\\\/\\\/www.oros.com\\\/?s={search_term_string}\"},\"query-input\":{\"@type\":\"PropertyValueSpecification\",\"valueRequired\":true,\"valueName\":\"search_term_string\"}}],\"inLanguage\":\"fr-FR\"}]}<\/script>\n<!-- \/ Yoast SEO plugin. -->","yoast_head_json":{"title":"Noise and vibration coaching and expertise services - OROS","description":"Our experts provide on-site assistance and expertise in diagnostics to optimize your noise and vibration measurement process.","robots":{"index":"index","follow":"follow","max-snippet":"max-snippet:-1","max-image-preview":"max-image-preview:large","max-video-preview":"max-video-preview:-1"},"canonical":"https:\/\/www.oros.com\/fr\/services\/accompagnement-et-expertise\/","og_locale":"fr_FR","og_type":"article","og_title":"Noise and vibration coaching and expertise services - OROS","og_description":"Our experts provide on-site assistance and expertise in diagnostics to optimize your noise and vibration measurement process.","og_url":"https:\/\/www.oros.com\/fr\/services\/accompagnement-et-expertise\/","og_site_name":"OROS","article_modified_time":"2022-07-07T13:46:15+00:00","og_image":[{"width":747,"height":1000,"url":"https:\/\/www.oros.com\/wp-content\/uploads\/2019\/02\/situation_ep_wind-mill-cabin1_web.jpg","type":"image\/jpeg"}],"twitter_card":"summary_large_image","schema":{"@context":"https:\/\/schema.org","@graph":[{"@type":"WebPage","@id":"https:\/\/www.oros.com\/fr\/services\/accompagnement-et-expertise\/","url":"https:\/\/www.oros.com\/fr\/services\/accompagnement-et-expertise\/","name":"Noise and vibration coaching and expertise services - OROS","isPartOf":{"@id":"https:\/\/www.oros.com\/#website"},"primaryImageOfPage":{"@id":"https:\/\/www.oros.com\/fr\/services\/accompagnement-et-expertise\/#primaryimage"},"image":{"@id":"https:\/\/www.oros.com\/fr\/services\/accompagnement-et-expertise\/#primaryimage"},"thumbnailUrl":"https:\/\/www.oros.com\/wp-content\/uploads\/2019\/02\/situation_ep_wind-mill-cabin1_web.jpg","datePublished":"2018-12-14T08:38:58+00:00","dateModified":"2022-07-07T13:46:15+00:00","description":"Our experts provide on-site assistance and expertise in diagnostics to optimize your noise and vibration measurement process.","breadcrumb":{"@id":"https:\/\/www.oros.com\/fr\/services\/accompagnement-et-expertise\/#breadcrumb"},"inLanguage":"fr-FR","potentialAction":[{"@type":"ReadAction","target":["https:\/\/www.oros.com\/fr\/services\/accompagnement-et-expertise\/"]}]},{"@type":"ImageObject","inLanguage":"fr-FR","@id":"https:\/\/www.oros.com\/fr\/services\/accompagnement-et-expertise\/#primaryimage","url":"https:\/\/www.oros.com\/wp-content\/uploads\/2019\/02\/situation_ep_wind-mill-cabin1_web.jpg","contentUrl":"https:\/\/www.oros.com\/wp-content\/uploads\/2019\/02\/situation_ep_wind-mill-cabin1_web.jpg","width":747,"height":1000},{"@type":"BreadcrumbList","@id":"https:\/\/www.oros.com\/fr\/services\/accompagnement-et-expertise\/#breadcrumb","itemListElement":[{"@type":"ListItem","position":1,"name":"Accueil","item":"https:\/\/www.oros.com\/fr\/"},{"@type":"ListItem","position":2,"name":"Services","item":"https:\/\/www.oros.com\/fr\/services\/"},{"@type":"ListItem","position":3,"name":"Accompagnement et expertise"}]},{"@type":"WebSite","@id":"https:\/\/www.oros.com\/#website","url":"https:\/\/www.oros.com\/","name":"OROS","description":"Measuring noise &amp; vibration","potentialAction":[{"@type":"SearchAction","target":{"@type":"EntryPoint","urlTemplate":"https:\/\/www.oros.com\/?s={search_term_string}"},"query-input":{"@type":"PropertyValueSpecification","valueRequired":true,"valueName":"search_term_string"}}],"inLanguage":"fr-FR"}]}},"_links":{"self":[{"href":"https:\/\/www.oros.com\/fr\/wp-json\/wp\/v2\/pages\/16436","targetHints":{"allow":["GET"]}}],"collection":[{"href":"https:\/\/www.oros.com\/fr\/wp-json\/wp\/v2\/pages"}],"about":[{"href":"https:\/\/www.oros.com\/fr\/wp-json\/wp\/v2\/types\/page"}],"author":[{"embeddable":true,"href":"https:\/\/www.oros.com\/fr\/wp-json\/wp\/v2\/users\/2"}],"replies":[{"embeddable":true,"href":"https:\/\/www.oros.com\/fr\/wp-json\/wp\/v2\/comments?post=16436"}],"version-history":[{"count":5,"href":"https:\/\/www.oros.com\/fr\/wp-json\/wp\/v2\/pages\/16436\/revisions"}],"predecessor-version":[{"id":82885,"href":"https:\/\/www.oros.com\/fr\/wp-json\/wp\/v2\/pages\/16436\/revisions\/82885"}],"up":[{"embeddable":true,"href":"https:\/\/www.oros.com\/fr\/wp-json\/wp\/v2\/pages\/16432"}],"wp:featuredmedia":[{"embeddable":true,"href":"https:\/\/www.oros.com\/fr\/wp-json\/wp\/v2\/media\/1825"}],"wp:attachment":[{"href":"https:\/\/www.oros.com\/fr\/wp-json\/wp\/v2\/media?parent=16436"}],"curies":[{"name":"wp","href":"https:\/\/api.w.org\/{rel}","templated":true}]}}