{"id":16440,"date":"2018-12-14T09:38:51","date_gmt":"2018-12-14T08:38:57","guid":{"rendered":"https:\/\/www.oros.com\/services\/training\/"},"modified":"2022-07-20T14:28:53","modified_gmt":"2022-07-20T12:28:53","slug":"formation","status":"publish","type":"page","link":"https:\/\/www.oros.com\/fr\/services\/formation\/","title":{"rendered":"Formation"},"content":{"rendered":"<p>Les sp\u00e9cialistes OROS mettent \u00e0 disposition leur savoir-faire lors de\u00a0<strong>formations th\u00e9oriques et appliqu\u00e9es<\/strong>. Nos programmes de formation sont \u00e9tablis avec vous et en fonction de vos besoins. Notre objectif est de vous accompagner tout au long de l&rsquo;utilisation de votre \u00e9quipement afin de\u00a0<strong>maximiser l&rsquo;efficacit\u00e9 de vos mesures<\/strong>.<\/p>\n","protected":false},"excerpt":{"rendered":"<p>Les sp\u00e9cialistes OROS mettent \u00e0 disposition leur savoir-faire lors de\u00a0formations th\u00e9oriques et appliqu\u00e9es. Nos programmes de formation sont \u00e9tablis avec&#8230; <span class=\"moretag btn btn--right btn--bold\">Lire la suite<\/span><\/p>\n","protected":false},"author":2,"featured_media":2517,"parent":16432,"menu_order":3,"comment_status":"closed","ping_status":"closed","template":"views\/solutions.blade.php","meta":{"_acf_changed":false,"inline_featured_image":false,"footnotes":""},"class_list":["post-16440","page","type-page","status-publish","has-post-thumbnail","hentry"],"acf":[],"yoast_head":"<!-- This site is optimized with the Yoast SEO plugin v27.4 - https:\/\/yoast.com\/product\/yoast-seo-wordpress\/ -->\n<title>Training on noise and vibration - OROS<\/title>\n<meta name=\"description\" content=\"OROS noise and vibration experts provide initial and advanced trainings, on-site or remote internet sessions to maximize profitability and efficiency.\" \/>\n<meta name=\"robots\" content=\"index, follow, max-snippet:-1, max-image-preview:large, max-video-preview:-1\" \/>\n<link rel=\"canonical\" href=\"https:\/\/www.oros.com\/fr\/services\/formation\/\" \/>\n<meta property=\"og:locale\" content=\"fr_FR\" \/>\n<meta property=\"og:type\" content=\"article\" \/>\n<meta property=\"og:title\" content=\"Training on noise and vibration - OROS\" \/>\n<meta property=\"og:description\" content=\"OROS noise and vibration experts provide initial and advanced trainings, on-site or remote internet sessions to maximize profitability and efficiency.\" \/>\n<meta property=\"og:url\" content=\"https:\/\/www.oros.com\/fr\/services\/formation\/\" \/>\n<meta property=\"og:site_name\" content=\"OROS\" \/>\n<meta property=\"article:modified_time\" content=\"2022-07-20T12:28:53+00:00\" \/>\n<meta property=\"og:image\" content=\"https:\/\/www.oros.com\/wp-content\/uploads\/2019\/02\/ju_lyon_2019_web.jpg\" \/>\n\t<meta property=\"og:image:width\" content=\"1296\" \/>\n\t<meta property=\"og:image:height\" content=\"751\" \/>\n\t<meta property=\"og:image:type\" content=\"image\/jpeg\" \/>\n<meta name=\"twitter:card\" content=\"summary_large_image\" \/>\n<meta name=\"twitter:label1\" content=\"Dur\u00e9e de lecture estim\u00e9e\" \/>\n\t<meta name=\"twitter:data1\" content=\"1 minute\" \/>\n<script type=\"application\/ld+json\" class=\"yoast-schema-graph\">{\"@context\":\"https:\\\/\\\/schema.org\",\"@graph\":[{\"@type\":\"WebPage\",\"@id\":\"https:\\\/\\\/www.oros.com\\\/fr\\\/services\\\/formation\\\/\",\"url\":\"https:\\\/\\\/www.oros.com\\\/fr\\\/services\\\/formation\\\/\",\"name\":\"Training on noise and vibration - OROS\",\"isPartOf\":{\"@id\":\"https:\\\/\\\/www.oros.com\\\/#website\"},\"primaryImageOfPage\":{\"@id\":\"https:\\\/\\\/www.oros.com\\\/fr\\\/services\\\/formation\\\/#primaryimage\"},\"image\":{\"@id\":\"https:\\\/\\\/www.oros.com\\\/fr\\\/services\\\/formation\\\/#primaryimage\"},\"thumbnailUrl\":\"https:\\\/\\\/www.oros.com\\\/wp-content\\\/uploads\\\/2019\\\/02\\\/ju_lyon_2019_web.jpg\",\"datePublished\":\"2018-12-14T08:38:57+00:00\",\"dateModified\":\"2022-07-20T12:28:53+00:00\",\"description\":\"OROS noise and vibration experts provide initial and advanced trainings, on-site or remote internet sessions to maximize profitability and efficiency.\",\"breadcrumb\":{\"@id\":\"https:\\\/\\\/www.oros.com\\\/fr\\\/services\\\/formation\\\/#breadcrumb\"},\"inLanguage\":\"fr-FR\",\"potentialAction\":[{\"@type\":\"ReadAction\",\"target\":[\"https:\\\/\\\/www.oros.com\\\/fr\\\/services\\\/formation\\\/\"]}]},{\"@type\":\"ImageObject\",\"inLanguage\":\"fr-FR\",\"@id\":\"https:\\\/\\\/www.oros.com\\\/fr\\\/services\\\/formation\\\/#primaryimage\",\"url\":\"https:\\\/\\\/www.oros.com\\\/wp-content\\\/uploads\\\/2019\\\/02\\\/ju_lyon_2019_web.jpg\",\"contentUrl\":\"https:\\\/\\\/www.oros.com\\\/wp-content\\\/uploads\\\/2019\\\/02\\\/ju_lyon_2019_web.jpg\",\"width\":1296,\"height\":751,\"caption\":\"French Users' Days\"},{\"@type\":\"BreadcrumbList\",\"@id\":\"https:\\\/\\\/www.oros.com\\\/fr\\\/services\\\/formation\\\/#breadcrumb\",\"itemListElement\":[{\"@type\":\"ListItem\",\"position\":1,\"name\":\"Accueil\",\"item\":\"https:\\\/\\\/www.oros.com\\\/fr\\\/\"},{\"@type\":\"ListItem\",\"position\":2,\"name\":\"Services\",\"item\":\"https:\\\/\\\/www.oros.com\\\/fr\\\/services\\\/\"},{\"@type\":\"ListItem\",\"position\":3,\"name\":\"Formation\"}]},{\"@type\":\"WebSite\",\"@id\":\"https:\\\/\\\/www.oros.com\\\/#website\",\"url\":\"https:\\\/\\\/www.oros.com\\\/\",\"name\":\"OROS\",\"description\":\"Measuring noise &amp; vibration\",\"potentialAction\":[{\"@type\":\"SearchAction\",\"target\":{\"@type\":\"EntryPoint\",\"urlTemplate\":\"https:\\\/\\\/www.oros.com\\\/?s={search_term_string}\"},\"query-input\":{\"@type\":\"PropertyValueSpecification\",\"valueRequired\":true,\"valueName\":\"search_term_string\"}}],\"inLanguage\":\"fr-FR\"}]}<\/script>\n<!-- \/ Yoast SEO plugin. -->","yoast_head_json":{"title":"Training on noise and vibration - OROS","description":"OROS noise and vibration experts provide initial and advanced trainings, on-site or remote internet sessions to maximize profitability and efficiency.","robots":{"index":"index","follow":"follow","max-snippet":"max-snippet:-1","max-image-preview":"max-image-preview:large","max-video-preview":"max-video-preview:-1"},"canonical":"https:\/\/www.oros.com\/fr\/services\/formation\/","og_locale":"fr_FR","og_type":"article","og_title":"Training on noise and vibration - OROS","og_description":"OROS noise and vibration experts provide initial and advanced trainings, on-site or remote internet sessions to maximize profitability and efficiency.","og_url":"https:\/\/www.oros.com\/fr\/services\/formation\/","og_site_name":"OROS","article_modified_time":"2022-07-20T12:28:53+00:00","og_image":[{"width":1296,"height":751,"url":"https:\/\/www.oros.com\/wp-content\/uploads\/2019\/02\/ju_lyon_2019_web.jpg","type":"image\/jpeg"}],"twitter_card":"summary_large_image","twitter_misc":{"Dur\u00e9e de lecture estim\u00e9e":"1 minute"},"schema":{"@context":"https:\/\/schema.org","@graph":[{"@type":"WebPage","@id":"https:\/\/www.oros.com\/fr\/services\/formation\/","url":"https:\/\/www.oros.com\/fr\/services\/formation\/","name":"Training on noise and vibration - OROS","isPartOf":{"@id":"https:\/\/www.oros.com\/#website"},"primaryImageOfPage":{"@id":"https:\/\/www.oros.com\/fr\/services\/formation\/#primaryimage"},"image":{"@id":"https:\/\/www.oros.com\/fr\/services\/formation\/#primaryimage"},"thumbnailUrl":"https:\/\/www.oros.com\/wp-content\/uploads\/2019\/02\/ju_lyon_2019_web.jpg","datePublished":"2018-12-14T08:38:57+00:00","dateModified":"2022-07-20T12:28:53+00:00","description":"OROS noise and vibration experts provide initial and advanced trainings, on-site or remote internet sessions to maximize profitability and efficiency.","breadcrumb":{"@id":"https:\/\/www.oros.com\/fr\/services\/formation\/#breadcrumb"},"inLanguage":"fr-FR","potentialAction":[{"@type":"ReadAction","target":["https:\/\/www.oros.com\/fr\/services\/formation\/"]}]},{"@type":"ImageObject","inLanguage":"fr-FR","@id":"https:\/\/www.oros.com\/fr\/services\/formation\/#primaryimage","url":"https:\/\/www.oros.com\/wp-content\/uploads\/2019\/02\/ju_lyon_2019_web.jpg","contentUrl":"https:\/\/www.oros.com\/wp-content\/uploads\/2019\/02\/ju_lyon_2019_web.jpg","width":1296,"height":751,"caption":"French Users' Days"},{"@type":"BreadcrumbList","@id":"https:\/\/www.oros.com\/fr\/services\/formation\/#breadcrumb","itemListElement":[{"@type":"ListItem","position":1,"name":"Accueil","item":"https:\/\/www.oros.com\/fr\/"},{"@type":"ListItem","position":2,"name":"Services","item":"https:\/\/www.oros.com\/fr\/services\/"},{"@type":"ListItem","position":3,"name":"Formation"}]},{"@type":"WebSite","@id":"https:\/\/www.oros.com\/#website","url":"https:\/\/www.oros.com\/","name":"OROS","description":"Measuring noise &amp; vibration","potentialAction":[{"@type":"SearchAction","target":{"@type":"EntryPoint","urlTemplate":"https:\/\/www.oros.com\/?s={search_term_string}"},"query-input":{"@type":"PropertyValueSpecification","valueRequired":true,"valueName":"search_term_string"}}],"inLanguage":"fr-FR"}]}},"_links":{"self":[{"href":"https:\/\/www.oros.com\/fr\/wp-json\/wp\/v2\/pages\/16440","targetHints":{"allow":["GET"]}}],"collection":[{"href":"https:\/\/www.oros.com\/fr\/wp-json\/wp\/v2\/pages"}],"about":[{"href":"https:\/\/www.oros.com\/fr\/wp-json\/wp\/v2\/types\/page"}],"author":[{"embeddable":true,"href":"https:\/\/www.oros.com\/fr\/wp-json\/wp\/v2\/users\/2"}],"replies":[{"embeddable":true,"href":"https:\/\/www.oros.com\/fr\/wp-json\/wp\/v2\/comments?post=16440"}],"version-history":[{"count":11,"href":"https:\/\/www.oros.com\/fr\/wp-json\/wp\/v2\/pages\/16440\/revisions"}],"predecessor-version":[{"id":93740,"href":"https:\/\/www.oros.com\/fr\/wp-json\/wp\/v2\/pages\/16440\/revisions\/93740"}],"up":[{"embeddable":true,"href":"https:\/\/www.oros.com\/fr\/wp-json\/wp\/v2\/pages\/16432"}],"wp:featuredmedia":[{"embeddable":true,"href":"https:\/\/www.oros.com\/fr\/wp-json\/wp\/v2\/media\/2517"}],"wp:attachment":[{"href":"https:\/\/www.oros.com\/fr\/wp-json\/wp\/v2\/media?parent=16440"}],"curies":[{"name":"wp","href":"https:\/\/api.w.org\/{rel}","templated":true}]}}