{"id":16457,"date":"2018-12-14T09:39:37","date_gmt":"2018-12-14T08:39:37","guid":{"rendered":"https:\/\/www.oros.com\/find-us\/"},"modified":"2025-09-18T11:13:33","modified_gmt":"2025-09-18T09:13:33","slug":"ou-nous-trouver","status":"publish","type":"page","link":"https:\/\/www.oros.com\/fr\/ou-nous-trouver\/","title":{"rendered":"O\u00f9 nous trouver"},"content":{"rendered":"<p>OROS s&rsquo;appuie sur un r\u00e9seau mondial de <a href=\"https:\/\/www.oros.com\/find-us\/\" target=\"_blank\" rel=\"noopener\">repr\u00e9sentants autoris\u00e9s<\/a>. Les produits et services OROS sont commercialis\u00e9s dans plus de 35 pays.<\/p>\n<p>Nos repr\u00e9sentants sont soigneusement s\u00e9lectionn\u00e9s pour leurs connaissances et leur expertise en mati\u00e8re d&rsquo;analyse du bruit et des vibrations. Ils sont r\u00e9guli\u00e8rement form\u00e9s et mis \u00e0 jour sur les produits OROS.<\/p>\n<p>&nbsp;<\/p>\n","protected":false},"excerpt":{"rendered":"<p>OROS s&rsquo;appuie sur un r\u00e9seau mondial de repr\u00e9sentants autoris\u00e9s. Les produits et services OROS sont commercialis\u00e9s dans plus de 35&#8230; <span class=\"moretag btn btn--right btn--bold\">Lire la suite<\/span><\/p>\n","protected":false},"author":2,"featured_media":4293,"parent":0,"menu_order":22,"comment_status":"closed","ping_status":"closed","template":"views\/find-us.blade.php","meta":{"_acf_changed":false,"inline_featured_image":false,"footnotes":""},"class_list":["post-16457","page","type-page","status-publish","has-post-thumbnail","hentry"],"acf":[],"yoast_head":"<!-- This site is optimized with the Yoast SEO plugin v27.4 - https:\/\/yoast.com\/product\/yoast-seo-wordpress\/ -->\n<title>OROS network for noise and vibration testing and analysis solutions<\/title>\n<meta name=\"description\" content=\"OROS relies on a worldwide network of authorized representatives. OROS products and services for noise and vibration analysis are marketed worldwide in more than 35 countries.\" \/>\n<meta name=\"robots\" content=\"index, follow, max-snippet:-1, max-image-preview:large, max-video-preview:-1\" \/>\n<link rel=\"canonical\" href=\"https:\/\/www.oros.com\/fr\/ou-nous-trouver\/\" \/>\n<meta property=\"og:locale\" content=\"fr_FR\" \/>\n<meta property=\"og:type\" content=\"article\" \/>\n<meta property=\"og:title\" content=\"OROS network for noise and vibration testing and analysis solutions\" \/>\n<meta property=\"og:description\" content=\"OROS relies on a worldwide network of authorized representatives. OROS products and services for noise and vibration analysis are marketed worldwide in more than 35 countries.\" \/>\n<meta property=\"og:url\" content=\"https:\/\/www.oros.com\/fr\/ou-nous-trouver\/\" \/>\n<meta property=\"og:site_name\" content=\"OROS\" \/>\n<meta property=\"article:modified_time\" content=\"2025-09-18T09:13:33+00:00\" \/>\n<meta property=\"og:image\" content=\"https:\/\/www.oros.com\/wp-content\/uploads\/2019\/04\/wwsm_nice_group_web_-1.jpg\" \/>\n\t<meta property=\"og:image:width\" content=\"952\" \/>\n\t<meta property=\"og:image:height\" content=\"618\" \/>\n\t<meta property=\"og:image:type\" content=\"image\/jpeg\" \/>\n<meta name=\"twitter:card\" content=\"summary_large_image\" \/>\n<meta name=\"twitter:label1\" content=\"Dur\u00e9e de lecture estim\u00e9e\" \/>\n\t<meta name=\"twitter:data1\" content=\"1 minute\" \/>\n<script type=\"application\/ld+json\" class=\"yoast-schema-graph\">{\"@context\":\"https:\\\/\\\/schema.org\",\"@graph\":[{\"@type\":\"WebPage\",\"@id\":\"https:\\\/\\\/www.oros.com\\\/fr\\\/ou-nous-trouver\\\/\",\"url\":\"https:\\\/\\\/www.oros.com\\\/fr\\\/ou-nous-trouver\\\/\",\"name\":\"OROS network for noise and vibration testing and analysis solutions\",\"isPartOf\":{\"@id\":\"https:\\\/\\\/www.oros.com\\\/#website\"},\"primaryImageOfPage\":{\"@id\":\"https:\\\/\\\/www.oros.com\\\/fr\\\/ou-nous-trouver\\\/#primaryimage\"},\"image\":{\"@id\":\"https:\\\/\\\/www.oros.com\\\/fr\\\/ou-nous-trouver\\\/#primaryimage\"},\"thumbnailUrl\":\"https:\\\/\\\/www.oros.com\\\/wp-content\\\/uploads\\\/2019\\\/04\\\/wwsm_nice_group_web_-1.jpg\",\"datePublished\":\"2018-12-14T08:39:37+00:00\",\"dateModified\":\"2025-09-18T09:13:33+00:00\",\"description\":\"OROS relies on a worldwide network of authorized representatives. OROS products and services for noise and vibration analysis are marketed worldwide in more than 35 countries.\",\"breadcrumb\":{\"@id\":\"https:\\\/\\\/www.oros.com\\\/fr\\\/ou-nous-trouver\\\/#breadcrumb\"},\"inLanguage\":\"fr-FR\",\"potentialAction\":[{\"@type\":\"ReadAction\",\"target\":[\"https:\\\/\\\/www.oros.com\\\/fr\\\/ou-nous-trouver\\\/\"]}]},{\"@type\":\"ImageObject\",\"inLanguage\":\"fr-FR\",\"@id\":\"https:\\\/\\\/www.oros.com\\\/fr\\\/ou-nous-trouver\\\/#primaryimage\",\"url\":\"https:\\\/\\\/www.oros.com\\\/wp-content\\\/uploads\\\/2019\\\/04\\\/wwsm_nice_group_web_-1.jpg\",\"contentUrl\":\"https:\\\/\\\/www.oros.com\\\/wp-content\\\/uploads\\\/2019\\\/04\\\/wwsm_nice_group_web_-1.jpg\",\"width\":952,\"height\":618},{\"@type\":\"BreadcrumbList\",\"@id\":\"https:\\\/\\\/www.oros.com\\\/fr\\\/ou-nous-trouver\\\/#breadcrumb\",\"itemListElement\":[{\"@type\":\"ListItem\",\"position\":1,\"name\":\"Accueil\",\"item\":\"https:\\\/\\\/www.oros.com\\\/fr\\\/\"},{\"@type\":\"ListItem\",\"position\":2,\"name\":\"O\u00f9 nous trouver\"}]},{\"@type\":\"WebSite\",\"@id\":\"https:\\\/\\\/www.oros.com\\\/#website\",\"url\":\"https:\\\/\\\/www.oros.com\\\/\",\"name\":\"OROS\",\"description\":\"Measuring noise &amp; vibration\",\"potentialAction\":[{\"@type\":\"SearchAction\",\"target\":{\"@type\":\"EntryPoint\",\"urlTemplate\":\"https:\\\/\\\/www.oros.com\\\/?s={search_term_string}\"},\"query-input\":{\"@type\":\"PropertyValueSpecification\",\"valueRequired\":true,\"valueName\":\"search_term_string\"}}],\"inLanguage\":\"fr-FR\"}]}<\/script>\n<!-- \/ Yoast SEO plugin. -->","yoast_head_json":{"title":"OROS network for noise and vibration testing and analysis solutions","description":"OROS relies on a worldwide network of authorized representatives. OROS products and services for noise and vibration analysis are marketed worldwide in more than 35 countries.","robots":{"index":"index","follow":"follow","max-snippet":"max-snippet:-1","max-image-preview":"max-image-preview:large","max-video-preview":"max-video-preview:-1"},"canonical":"https:\/\/www.oros.com\/fr\/ou-nous-trouver\/","og_locale":"fr_FR","og_type":"article","og_title":"OROS network for noise and vibration testing and analysis solutions","og_description":"OROS relies on a worldwide network of authorized representatives. OROS products and services for noise and vibration analysis are marketed worldwide in more than 35 countries.","og_url":"https:\/\/www.oros.com\/fr\/ou-nous-trouver\/","og_site_name":"OROS","article_modified_time":"2025-09-18T09:13:33+00:00","og_image":[{"width":952,"height":618,"url":"https:\/\/www.oros.com\/wp-content\/uploads\/2019\/04\/wwsm_nice_group_web_-1.jpg","type":"image\/jpeg"}],"twitter_card":"summary_large_image","twitter_misc":{"Dur\u00e9e de lecture estim\u00e9e":"1 minute"},"schema":{"@context":"https:\/\/schema.org","@graph":[{"@type":"WebPage","@id":"https:\/\/www.oros.com\/fr\/ou-nous-trouver\/","url":"https:\/\/www.oros.com\/fr\/ou-nous-trouver\/","name":"OROS network for noise and vibration testing and analysis solutions","isPartOf":{"@id":"https:\/\/www.oros.com\/#website"},"primaryImageOfPage":{"@id":"https:\/\/www.oros.com\/fr\/ou-nous-trouver\/#primaryimage"},"image":{"@id":"https:\/\/www.oros.com\/fr\/ou-nous-trouver\/#primaryimage"},"thumbnailUrl":"https:\/\/www.oros.com\/wp-content\/uploads\/2019\/04\/wwsm_nice_group_web_-1.jpg","datePublished":"2018-12-14T08:39:37+00:00","dateModified":"2025-09-18T09:13:33+00:00","description":"OROS relies on a worldwide network of authorized representatives. OROS products and services for noise and vibration analysis are marketed worldwide in more than 35 countries.","breadcrumb":{"@id":"https:\/\/www.oros.com\/fr\/ou-nous-trouver\/#breadcrumb"},"inLanguage":"fr-FR","potentialAction":[{"@type":"ReadAction","target":["https:\/\/www.oros.com\/fr\/ou-nous-trouver\/"]}]},{"@type":"ImageObject","inLanguage":"fr-FR","@id":"https:\/\/www.oros.com\/fr\/ou-nous-trouver\/#primaryimage","url":"https:\/\/www.oros.com\/wp-content\/uploads\/2019\/04\/wwsm_nice_group_web_-1.jpg","contentUrl":"https:\/\/www.oros.com\/wp-content\/uploads\/2019\/04\/wwsm_nice_group_web_-1.jpg","width":952,"height":618},{"@type":"BreadcrumbList","@id":"https:\/\/www.oros.com\/fr\/ou-nous-trouver\/#breadcrumb","itemListElement":[{"@type":"ListItem","position":1,"name":"Accueil","item":"https:\/\/www.oros.com\/fr\/"},{"@type":"ListItem","position":2,"name":"O\u00f9 nous trouver"}]},{"@type":"WebSite","@id":"https:\/\/www.oros.com\/#website","url":"https:\/\/www.oros.com\/","name":"OROS","description":"Measuring noise &amp; vibration","potentialAction":[{"@type":"SearchAction","target":{"@type":"EntryPoint","urlTemplate":"https:\/\/www.oros.com\/?s={search_term_string}"},"query-input":{"@type":"PropertyValueSpecification","valueRequired":true,"valueName":"search_term_string"}}],"inLanguage":"fr-FR"}]}},"_links":{"self":[{"href":"https:\/\/www.oros.com\/fr\/wp-json\/wp\/v2\/pages\/16457","targetHints":{"allow":["GET"]}}],"collection":[{"href":"https:\/\/www.oros.com\/fr\/wp-json\/wp\/v2\/pages"}],"about":[{"href":"https:\/\/www.oros.com\/fr\/wp-json\/wp\/v2\/types\/page"}],"author":[{"embeddable":true,"href":"https:\/\/www.oros.com\/fr\/wp-json\/wp\/v2\/users\/2"}],"replies":[{"embeddable":true,"href":"https:\/\/www.oros.com\/fr\/wp-json\/wp\/v2\/comments?post=16457"}],"version-history":[{"count":6,"href":"https:\/\/www.oros.com\/fr\/wp-json\/wp\/v2\/pages\/16457\/revisions"}],"predecessor-version":[{"id":132344,"href":"https:\/\/www.oros.com\/fr\/wp-json\/wp\/v2\/pages\/16457\/revisions\/132344"}],"wp:featuredmedia":[{"embeddable":true,"href":"https:\/\/www.oros.com\/fr\/wp-json\/wp\/v2\/media\/4293"}],"wp:attachment":[{"href":"https:\/\/www.oros.com\/fr\/wp-json\/wp\/v2\/media?parent=16457"}],"curies":[{"name":"wp","href":"https:\/\/api.w.org\/{rel}","templated":true}]}}