{"id":16472,"date":"2018-12-14T09:30:54","date_gmt":"2018-12-14T08:30:54","guid":{"rendered":"https:\/\/www.oros.com\/why-oros\/"},"modified":"2024-08-02T10:07:37","modified_gmt":"2024-08-02T08:07:37","slug":"pourquoi-oros","status":"publish","type":"page","link":"https:\/\/www.oros.com\/fr\/pourquoi-oros\/","title":{"rendered":"Pourquoi OROS ?"},"content":{"rendered":"<p>OROS con\u00e7oit et fabrique, depuis 40 ans, des syst\u00e8mes (instruments et logiciels) de mesure de bruit et vibrations qui r\u00e9pondent aux exigences des acteurs des industries automobile, a\u00e9ronautiques, marine, \u00e9nergie, production et automatismes. Entreprise fran\u00e7aise d&rsquo;envergure internationale (80% du CA \u00e0 l&rsquo;export, 2 filiales, 6 bureaux, 8 centres de maintenance, distributeurs dans plus de 35 pays), OROS est une soci\u00e9t\u00e9 dynamique o\u00f9 l&rsquo;innovation est au c\u0153ur de la strat\u00e9gie lui permettant de proposer une gamme de produits high-tech. OROS couvre les applications d\u2019acquisition de donn\u00e9es, de dynamique de structures, d\u2019acoustique industrielle et de machines tournantes ainsi que toute une gamme de services associ\u00e9s.<\/p>\n","protected":false},"excerpt":{"rendered":"<p>OROS con\u00e7oit et fabrique, depuis 40 ans, des syst\u00e8mes (instruments et logiciels) de mesure de bruit et vibrations qui r\u00e9pondent&#8230; <span class=\"moretag btn btn--right btn--bold\">Lire la suite<\/span><\/p>\n","protected":false},"author":2,"featured_media":131146,"parent":0,"menu_order":19,"comment_status":"closed","ping_status":"closed","template":"views\/why.blade.php","meta":{"_acf_changed":false,"inline_featured_image":false,"footnotes":""},"class_list":["post-16472","page","type-page","status-publish","has-post-thumbnail","hentry"],"acf":[],"yoast_head":"<!-- This site is optimized with the Yoast SEO plugin v27.5 - https:\/\/yoast.com\/product\/yoast-seo-wordpress\/ -->\n<title>Pourquoi OROS ? - OROS<\/title>\n<meta name=\"robots\" content=\"index, follow, max-snippet:-1, max-image-preview:large, max-video-preview:-1\" \/>\n<link rel=\"canonical\" href=\"https:\/\/www.oros.com\/fr\/pourquoi-oros\/\" \/>\n<meta property=\"og:locale\" content=\"fr_FR\" \/>\n<meta property=\"og:type\" content=\"article\" \/>\n<meta property=\"og:title\" content=\"Pourquoi OROS ? - OROS\" \/>\n<meta property=\"og:description\" content=\"OROS con\u00e7oit et fabrique, depuis 40 ans, des syst\u00e8mes (instruments et logiciels) de mesure de bruit et vibrations qui r\u00e9pondent... Lire la suite\" \/>\n<meta property=\"og:url\" content=\"https:\/\/www.oros.com\/fr\/pourquoi-oros\/\" \/>\n<meta property=\"og:site_name\" content=\"OROS\" \/>\n<meta property=\"article:modified_time\" content=\"2024-08-02T08:07:37+00:00\" \/>\n<meta property=\"og:image\" content=\"https:\/\/www.oros.com\/wp-content\/uploads\/2024\/04\/depart-visite-digigram-20240312.jpg\" \/>\n\t<meta property=\"og:image:width\" content=\"1000\" \/>\n\t<meta property=\"og:image:height\" content=\"563\" \/>\n\t<meta property=\"og:image:type\" content=\"image\/jpeg\" \/>\n<meta name=\"twitter:card\" content=\"summary_large_image\" \/>\n<meta name=\"twitter:label1\" content=\"Dur\u00e9e de lecture estim\u00e9e\" \/>\n\t<meta name=\"twitter:data1\" content=\"1 minute\" \/>\n<script type=\"application\/ld+json\" class=\"yoast-schema-graph\">{\"@context\":\"https:\\\/\\\/schema.org\",\"@graph\":[{\"@type\":\"WebPage\",\"@id\":\"https:\\\/\\\/www.oros.com\\\/fr\\\/pourquoi-oros\\\/\",\"url\":\"https:\\\/\\\/www.oros.com\\\/fr\\\/pourquoi-oros\\\/\",\"name\":\"Pourquoi OROS ? - OROS\",\"isPartOf\":{\"@id\":\"https:\\\/\\\/www.oros.com\\\/#website\"},\"primaryImageOfPage\":{\"@id\":\"https:\\\/\\\/www.oros.com\\\/fr\\\/pourquoi-oros\\\/#primaryimage\"},\"image\":{\"@id\":\"https:\\\/\\\/www.oros.com\\\/fr\\\/pourquoi-oros\\\/#primaryimage\"},\"thumbnailUrl\":\"https:\\\/\\\/www.oros.com\\\/wp-content\\\/uploads\\\/2024\\\/04\\\/depart-visite-digigram-20240312.jpg\",\"datePublished\":\"2018-12-14T08:30:54+00:00\",\"dateModified\":\"2024-08-02T08:07:37+00:00\",\"breadcrumb\":{\"@id\":\"https:\\\/\\\/www.oros.com\\\/fr\\\/pourquoi-oros\\\/#breadcrumb\"},\"inLanguage\":\"fr-FR\",\"potentialAction\":[{\"@type\":\"ReadAction\",\"target\":[\"https:\\\/\\\/www.oros.com\\\/fr\\\/pourquoi-oros\\\/\"]}]},{\"@type\":\"ImageObject\",\"inLanguage\":\"fr-FR\",\"@id\":\"https:\\\/\\\/www.oros.com\\\/fr\\\/pourquoi-oros\\\/#primaryimage\",\"url\":\"https:\\\/\\\/www.oros.com\\\/wp-content\\\/uploads\\\/2024\\\/04\\\/depart-visite-digigram-20240312.jpg\",\"contentUrl\":\"https:\\\/\\\/www.oros.com\\\/wp-content\\\/uploads\\\/2024\\\/04\\\/depart-visite-digigram-20240312.jpg\",\"width\":1000,\"height\":563},{\"@type\":\"BreadcrumbList\",\"@id\":\"https:\\\/\\\/www.oros.com\\\/fr\\\/pourquoi-oros\\\/#breadcrumb\",\"itemListElement\":[{\"@type\":\"ListItem\",\"position\":1,\"name\":\"Accueil\",\"item\":\"https:\\\/\\\/www.oros.com\\\/fr\\\/\"},{\"@type\":\"ListItem\",\"position\":2,\"name\":\"Pourquoi OROS ?\"}]},{\"@type\":\"WebSite\",\"@id\":\"https:\\\/\\\/www.oros.com\\\/#website\",\"url\":\"https:\\\/\\\/www.oros.com\\\/\",\"name\":\"OROS\",\"description\":\"Measuring noise &amp; vibration\",\"potentialAction\":[{\"@type\":\"SearchAction\",\"target\":{\"@type\":\"EntryPoint\",\"urlTemplate\":\"https:\\\/\\\/www.oros.com\\\/?s={search_term_string}\"},\"query-input\":{\"@type\":\"PropertyValueSpecification\",\"valueRequired\":true,\"valueName\":\"search_term_string\"}}],\"inLanguage\":\"fr-FR\"}]}<\/script>\n<!-- \/ Yoast SEO plugin. -->","yoast_head_json":{"title":"Pourquoi OROS ? - OROS","robots":{"index":"index","follow":"follow","max-snippet":"max-snippet:-1","max-image-preview":"max-image-preview:large","max-video-preview":"max-video-preview:-1"},"canonical":"https:\/\/www.oros.com\/fr\/pourquoi-oros\/","og_locale":"fr_FR","og_type":"article","og_title":"Pourquoi OROS ? - OROS","og_description":"OROS con\u00e7oit et fabrique, depuis 40 ans, des syst\u00e8mes (instruments et logiciels) de mesure de bruit et vibrations qui r\u00e9pondent... Lire la suite","og_url":"https:\/\/www.oros.com\/fr\/pourquoi-oros\/","og_site_name":"OROS","article_modified_time":"2024-08-02T08:07:37+00:00","og_image":[{"width":1000,"height":563,"url":"https:\/\/www.oros.com\/wp-content\/uploads\/2024\/04\/depart-visite-digigram-20240312.jpg","type":"image\/jpeg"}],"twitter_card":"summary_large_image","twitter_misc":{"Dur\u00e9e de lecture estim\u00e9e":"1 minute"},"schema":{"@context":"https:\/\/schema.org","@graph":[{"@type":"WebPage","@id":"https:\/\/www.oros.com\/fr\/pourquoi-oros\/","url":"https:\/\/www.oros.com\/fr\/pourquoi-oros\/","name":"Pourquoi OROS ? - OROS","isPartOf":{"@id":"https:\/\/www.oros.com\/#website"},"primaryImageOfPage":{"@id":"https:\/\/www.oros.com\/fr\/pourquoi-oros\/#primaryimage"},"image":{"@id":"https:\/\/www.oros.com\/fr\/pourquoi-oros\/#primaryimage"},"thumbnailUrl":"https:\/\/www.oros.com\/wp-content\/uploads\/2024\/04\/depart-visite-digigram-20240312.jpg","datePublished":"2018-12-14T08:30:54+00:00","dateModified":"2024-08-02T08:07:37+00:00","breadcrumb":{"@id":"https:\/\/www.oros.com\/fr\/pourquoi-oros\/#breadcrumb"},"inLanguage":"fr-FR","potentialAction":[{"@type":"ReadAction","target":["https:\/\/www.oros.com\/fr\/pourquoi-oros\/"]}]},{"@type":"ImageObject","inLanguage":"fr-FR","@id":"https:\/\/www.oros.com\/fr\/pourquoi-oros\/#primaryimage","url":"https:\/\/www.oros.com\/wp-content\/uploads\/2024\/04\/depart-visite-digigram-20240312.jpg","contentUrl":"https:\/\/www.oros.com\/wp-content\/uploads\/2024\/04\/depart-visite-digigram-20240312.jpg","width":1000,"height":563},{"@type":"BreadcrumbList","@id":"https:\/\/www.oros.com\/fr\/pourquoi-oros\/#breadcrumb","itemListElement":[{"@type":"ListItem","position":1,"name":"Accueil","item":"https:\/\/www.oros.com\/fr\/"},{"@type":"ListItem","position":2,"name":"Pourquoi OROS ?"}]},{"@type":"WebSite","@id":"https:\/\/www.oros.com\/#website","url":"https:\/\/www.oros.com\/","name":"OROS","description":"Measuring noise &amp; vibration","potentialAction":[{"@type":"SearchAction","target":{"@type":"EntryPoint","urlTemplate":"https:\/\/www.oros.com\/?s={search_term_string}"},"query-input":{"@type":"PropertyValueSpecification","valueRequired":true,"valueName":"search_term_string"}}],"inLanguage":"fr-FR"}]}},"_links":{"self":[{"href":"https:\/\/www.oros.com\/fr\/wp-json\/wp\/v2\/pages\/16472","targetHints":{"allow":["GET"]}}],"collection":[{"href":"https:\/\/www.oros.com\/fr\/wp-json\/wp\/v2\/pages"}],"about":[{"href":"https:\/\/www.oros.com\/fr\/wp-json\/wp\/v2\/types\/page"}],"author":[{"embeddable":true,"href":"https:\/\/www.oros.com\/fr\/wp-json\/wp\/v2\/users\/2"}],"replies":[{"embeddable":true,"href":"https:\/\/www.oros.com\/fr\/wp-json\/wp\/v2\/comments?post=16472"}],"version-history":[{"count":7,"href":"https:\/\/www.oros.com\/fr\/wp-json\/wp\/v2\/pages\/16472\/revisions"}],"predecessor-version":[{"id":131522,"href":"https:\/\/www.oros.com\/fr\/wp-json\/wp\/v2\/pages\/16472\/revisions\/131522"}],"wp:featuredmedia":[{"embeddable":true,"href":"https:\/\/www.oros.com\/fr\/wp-json\/wp\/v2\/media\/131146"}],"wp:attachment":[{"href":"https:\/\/www.oros.com\/fr\/wp-json\/wp\/v2\/media?parent=16472"}],"curies":[{"name":"wp","href":"https:\/\/api.w.org\/{rel}","templated":true}]}}