{"id":16482,"date":"2018-12-14T09:39:51","date_gmt":"2018-12-14T08:39:37","guid":{"rendered":"https:\/\/www.oros.com\/oros-group-sound-vibration-measurement-and-analysis\/"},"modified":"2025-11-06T16:52:24","modified_gmt":"2025-11-06T15:52:24","slug":"le-groupe-oros","status":"publish","type":"page","link":"https:\/\/www.oros.com\/fr\/le-groupe-oros\/","title":{"rendered":"Le groupe OROS"},"content":{"rendered":"<p>OROS con\u00e7oit et fabrique des syst\u00e8mes de test et d&rsquo;analyse de bruit et de vibrations (instruments et logiciels) depuis 40 ans, r\u00e9pondant aux exigences et aux attentes des industries de l&rsquo;automobile, de l&rsquo;a\u00e9rospatiale, de l&rsquo;\u00e9nergie et des proc\u00e9d\u00e9s marins, de la fabrication et de l&rsquo;automatisation.<\/p>\n<p>OROS couvre l&rsquo;acquisition de donn\u00e9es, la dynamique des structures, l&rsquo;acoustique et les applications rotatives, ainsi qu&rsquo;une gamme de services connexes.<\/p>\n","protected":false},"excerpt":{"rendered":"<p>OROS con\u00e7oit et fabrique des syst\u00e8mes de test et d&rsquo;analyse de bruit et de vibrations (instruments et logiciels) depuis 40&#8230; <span class=\"moretag btn btn--right btn--bold\">Lire la suite<\/span><\/p>\n","protected":false},"author":2,"featured_media":5014,"parent":0,"menu_order":21,"comment_status":"closed","ping_status":"closed","template":"views\/group.blade.php","meta":{"_acf_changed":false,"inline_featured_image":false,"footnotes":""},"class_list":["post-16482","page","type-page","status-publish","has-post-thumbnail","hentry"],"acf":[],"yoast_head":"<!-- This site is optimized with the Yoast SEO plugin v27.5 - https:\/\/yoast.com\/product\/yoast-seo-wordpress\/ -->\n<title>Le groupe OROS - Sound &amp; Vibration measurement and analysis<\/title>\n<meta name=\"description\" content=\"OROS designs and manufactures noise and vibration testing and analysis systems (instruments and software) for more than 35 years\" \/>\n<meta name=\"robots\" content=\"index, follow, max-snippet:-1, max-image-preview:large, max-video-preview:-1\" \/>\n<link rel=\"canonical\" href=\"https:\/\/www.oros.com\/fr\/le-groupe-oros\/\" \/>\n<meta property=\"og:locale\" content=\"fr_FR\" \/>\n<meta property=\"og:type\" content=\"article\" \/>\n<meta property=\"og:title\" content=\"Le groupe OROS - Sound &amp; Vibration measurement and analysis\" \/>\n<meta property=\"og:description\" content=\"OROS designs and manufactures noise and vibration testing and analysis systems (instruments and software) for more than 35 years\" \/>\n<meta property=\"og:url\" content=\"https:\/\/www.oros.com\/fr\/le-groupe-oros\/\" \/>\n<meta property=\"og:site_name\" content=\"OROS\" \/>\n<meta property=\"article:modified_time\" content=\"2025-11-06T15:52:24+00:00\" \/>\n<meta property=\"og:image\" content=\"https:\/\/www.oros.com\/wp-content\/uploads\/2019\/06\/contact-us.png\" \/>\n\t<meta property=\"og:image:width\" content=\"765\" \/>\n\t<meta property=\"og:image:height\" content=\"229\" \/>\n\t<meta property=\"og:image:type\" content=\"image\/png\" \/>\n<meta name=\"twitter:card\" content=\"summary_large_image\" \/>\n<meta name=\"twitter:label1\" content=\"Dur\u00e9e de lecture estim\u00e9e\" \/>\n\t<meta name=\"twitter:data1\" content=\"1 minute\" \/>\n<script type=\"application\/ld+json\" class=\"yoast-schema-graph\">{\"@context\":\"https:\\\/\\\/schema.org\",\"@graph\":[{\"@type\":\"WebPage\",\"@id\":\"https:\\\/\\\/www.oros.com\\\/fr\\\/le-groupe-oros\\\/\",\"url\":\"https:\\\/\\\/www.oros.com\\\/fr\\\/le-groupe-oros\\\/\",\"name\":\"Le groupe OROS - Sound & Vibration measurement and analysis\",\"isPartOf\":{\"@id\":\"https:\\\/\\\/www.oros.com\\\/#website\"},\"primaryImageOfPage\":{\"@id\":\"https:\\\/\\\/www.oros.com\\\/fr\\\/le-groupe-oros\\\/#primaryimage\"},\"image\":{\"@id\":\"https:\\\/\\\/www.oros.com\\\/fr\\\/le-groupe-oros\\\/#primaryimage\"},\"thumbnailUrl\":\"https:\\\/\\\/www.oros.com\\\/wp-content\\\/uploads\\\/2019\\\/06\\\/contact-us.png\",\"datePublished\":\"2018-12-14T08:39:37+00:00\",\"dateModified\":\"2025-11-06T15:52:24+00:00\",\"description\":\"OROS designs and manufactures noise and vibration testing and analysis systems (instruments and software) for more than 35 years\",\"breadcrumb\":{\"@id\":\"https:\\\/\\\/www.oros.com\\\/fr\\\/le-groupe-oros\\\/#breadcrumb\"},\"inLanguage\":\"fr-FR\",\"potentialAction\":[{\"@type\":\"ReadAction\",\"target\":[\"https:\\\/\\\/www.oros.com\\\/fr\\\/le-groupe-oros\\\/\"]}]},{\"@type\":\"ImageObject\",\"inLanguage\":\"fr-FR\",\"@id\":\"https:\\\/\\\/www.oros.com\\\/fr\\\/le-groupe-oros\\\/#primaryimage\",\"url\":\"https:\\\/\\\/www.oros.com\\\/wp-content\\\/uploads\\\/2019\\\/06\\\/contact-us.png\",\"contentUrl\":\"https:\\\/\\\/www.oros.com\\\/wp-content\\\/uploads\\\/2019\\\/06\\\/contact-us.png\",\"width\":765,\"height\":229},{\"@type\":\"BreadcrumbList\",\"@id\":\"https:\\\/\\\/www.oros.com\\\/fr\\\/le-groupe-oros\\\/#breadcrumb\",\"itemListElement\":[{\"@type\":\"ListItem\",\"position\":1,\"name\":\"Accueil\",\"item\":\"https:\\\/\\\/www.oros.com\\\/fr\\\/\"},{\"@type\":\"ListItem\",\"position\":2,\"name\":\"Le groupe OROS\"}]},{\"@type\":\"WebSite\",\"@id\":\"https:\\\/\\\/www.oros.com\\\/#website\",\"url\":\"https:\\\/\\\/www.oros.com\\\/\",\"name\":\"OROS\",\"description\":\"Measuring noise &amp; vibration\",\"potentialAction\":[{\"@type\":\"SearchAction\",\"target\":{\"@type\":\"EntryPoint\",\"urlTemplate\":\"https:\\\/\\\/www.oros.com\\\/?s={search_term_string}\"},\"query-input\":{\"@type\":\"PropertyValueSpecification\",\"valueRequired\":true,\"valueName\":\"search_term_string\"}}],\"inLanguage\":\"fr-FR\"}]}<\/script>\n<!-- \/ Yoast SEO plugin. -->","yoast_head_json":{"title":"Le groupe OROS - Sound & Vibration measurement and analysis","description":"OROS designs and manufactures noise and vibration testing and analysis systems (instruments and software) for more than 35 years","robots":{"index":"index","follow":"follow","max-snippet":"max-snippet:-1","max-image-preview":"max-image-preview:large","max-video-preview":"max-video-preview:-1"},"canonical":"https:\/\/www.oros.com\/fr\/le-groupe-oros\/","og_locale":"fr_FR","og_type":"article","og_title":"Le groupe OROS - Sound & Vibration measurement and analysis","og_description":"OROS designs and manufactures noise and vibration testing and analysis systems (instruments and software) for more than 35 years","og_url":"https:\/\/www.oros.com\/fr\/le-groupe-oros\/","og_site_name":"OROS","article_modified_time":"2025-11-06T15:52:24+00:00","og_image":[{"width":765,"height":229,"url":"https:\/\/www.oros.com\/wp-content\/uploads\/2019\/06\/contact-us.png","type":"image\/png"}],"twitter_card":"summary_large_image","twitter_misc":{"Dur\u00e9e de lecture estim\u00e9e":"1 minute"},"schema":{"@context":"https:\/\/schema.org","@graph":[{"@type":"WebPage","@id":"https:\/\/www.oros.com\/fr\/le-groupe-oros\/","url":"https:\/\/www.oros.com\/fr\/le-groupe-oros\/","name":"Le groupe OROS - Sound & Vibration measurement and analysis","isPartOf":{"@id":"https:\/\/www.oros.com\/#website"},"primaryImageOfPage":{"@id":"https:\/\/www.oros.com\/fr\/le-groupe-oros\/#primaryimage"},"image":{"@id":"https:\/\/www.oros.com\/fr\/le-groupe-oros\/#primaryimage"},"thumbnailUrl":"https:\/\/www.oros.com\/wp-content\/uploads\/2019\/06\/contact-us.png","datePublished":"2018-12-14T08:39:37+00:00","dateModified":"2025-11-06T15:52:24+00:00","description":"OROS designs and manufactures noise and vibration testing and analysis systems (instruments and software) for more than 35 years","breadcrumb":{"@id":"https:\/\/www.oros.com\/fr\/le-groupe-oros\/#breadcrumb"},"inLanguage":"fr-FR","potentialAction":[{"@type":"ReadAction","target":["https:\/\/www.oros.com\/fr\/le-groupe-oros\/"]}]},{"@type":"ImageObject","inLanguage":"fr-FR","@id":"https:\/\/www.oros.com\/fr\/le-groupe-oros\/#primaryimage","url":"https:\/\/www.oros.com\/wp-content\/uploads\/2019\/06\/contact-us.png","contentUrl":"https:\/\/www.oros.com\/wp-content\/uploads\/2019\/06\/contact-us.png","width":765,"height":229},{"@type":"BreadcrumbList","@id":"https:\/\/www.oros.com\/fr\/le-groupe-oros\/#breadcrumb","itemListElement":[{"@type":"ListItem","position":1,"name":"Accueil","item":"https:\/\/www.oros.com\/fr\/"},{"@type":"ListItem","position":2,"name":"Le groupe OROS"}]},{"@type":"WebSite","@id":"https:\/\/www.oros.com\/#website","url":"https:\/\/www.oros.com\/","name":"OROS","description":"Measuring noise &amp; vibration","potentialAction":[{"@type":"SearchAction","target":{"@type":"EntryPoint","urlTemplate":"https:\/\/www.oros.com\/?s={search_term_string}"},"query-input":{"@type":"PropertyValueSpecification","valueRequired":true,"valueName":"search_term_string"}}],"inLanguage":"fr-FR"}]}},"_links":{"self":[{"href":"https:\/\/www.oros.com\/fr\/wp-json\/wp\/v2\/pages\/16482","targetHints":{"allow":["GET"]}}],"collection":[{"href":"https:\/\/www.oros.com\/fr\/wp-json\/wp\/v2\/pages"}],"about":[{"href":"https:\/\/www.oros.com\/fr\/wp-json\/wp\/v2\/types\/page"}],"author":[{"embeddable":true,"href":"https:\/\/www.oros.com\/fr\/wp-json\/wp\/v2\/users\/2"}],"replies":[{"embeddable":true,"href":"https:\/\/www.oros.com\/fr\/wp-json\/wp\/v2\/comments?post=16482"}],"version-history":[{"count":13,"href":"https:\/\/www.oros.com\/fr\/wp-json\/wp\/v2\/pages\/16482\/revisions"}],"predecessor-version":[{"id":131752,"href":"https:\/\/www.oros.com\/fr\/wp-json\/wp\/v2\/pages\/16482\/revisions\/131752"}],"wp:featuredmedia":[{"embeddable":true,"href":"https:\/\/www.oros.com\/fr\/wp-json\/wp\/v2\/media\/5014"}],"wp:attachment":[{"href":"https:\/\/www.oros.com\/fr\/wp-json\/wp\/v2\/media?parent=16482"}],"curies":[{"name":"wp","href":"https:\/\/api.w.org\/{rel}","templated":true}]}}