{"id":16493,"date":"2018-12-14T09:39:51","date_gmt":"2018-12-14T08:39:37","guid":{"rendered":"https:\/\/www.oros.com\/careers-at-oros-noise-vibration\/"},"modified":"2025-07-09T13:23:52","modified_gmt":"2025-07-09T11:23:52","slug":"emploi","status":"publish","type":"page","link":"https:\/\/www.oros.com\/fr\/emploi\/","title":{"rendered":"Emploi"},"content":{"rendered":"<p style=\"text-align: center;\"><span lang=\"en\" tabindex=\"0\">Si \u00e7a fr\u00e9mit, gr\u00e9sille, raconte, vibre, vrombit, scande ou ronronne, c&rsquo;est (tr\u00e8s)\u00a0 probablement gr\u00e2ce \u00e0 <a href=\"https:\/\/www.digigram.com\/\" target=\"_blank\" rel=\"noopener\">Digigram<\/a>, <a href=\"https:\/\/www.auvitran.com\/fr\/accueil\/\" target=\"_blank\" rel=\"noopener\">AuviTran<\/a> ou <a href=\"https:\/\/www.oros.com\/\" target=\"_blank\" rel=\"noopener\">OROS<\/a>.<\/span><\/p>\n<p>&nbsp;<\/p>\n<p style=\"text-align: center;\"><span lang=\"en\" tabindex=\"0\">Entreprise dynamique, l&rsquo;<strong>innovation<\/strong> est au c\u0153ur de notre strat\u00e9gie pour offrir une gamme de produits et de solutions de <strong>haute technologie<\/strong>.\u00a0<\/span><\/p>\n<p>&nbsp;<\/p>\n<p style=\"text-align: center;\"><span lang=\"en\" tabindex=\"0\"><span class=\"fontstyle2\">Fra\u00eechement r\u00e9nov\u00e9s, nos bureaux offrent une vue imprenable sur les montagnes et un cadre pens\u00e9 pour favoriser \u00e0 la fois la concentration et la d\u00e9tente. Parce que le <strong>bien-\u00eatre<\/strong> de chacun nous tient \u00e0 c\u0153ur, les pauses d\u00e9jeuner se vivent en mode zen ou sportif, toujours dans un esprit de <strong>convivialit\u00e9<\/strong>.<\/span><\/span><\/p>\n<p>&nbsp;<\/p>\n<p style=\"text-align: center;\"><span lang=\"en\" tabindex=\"0\">Nous publions r\u00e9guli\u00e8rement des offres d&#8217;emploi sur cette page. <strong>Postulez et rejoignez notre \u00e9quipe !<\/strong><\/span><\/p>\n","protected":false},"excerpt":{"rendered":"<p>Si \u00e7a fr\u00e9mit, gr\u00e9sille, raconte, vibre, vrombit, scande ou ronronne, c&rsquo;est (tr\u00e8s)\u00a0 probablement gr\u00e2ce \u00e0 Digigram, AuviTran ou OROS. &nbsp;&#8230; <span class=\"moretag btn btn--right btn--bold\">Lire la suite<\/span><\/p>\n","protected":false},"author":2,"featured_media":82965,"parent":0,"menu_order":29,"comment_status":"closed","ping_status":"closed","template":"views\/careers.blade.php","meta":{"_acf_changed":false,"inline_featured_image":false,"footnotes":""},"class_list":["post-16493","page","type-page","status-publish","has-post-thumbnail","hentry"],"acf":[],"yoast_head":"<!-- This site is optimized with the Yoast SEO plugin v27.6 - https:\/\/yoast.com\/product\/yoast-seo-wordpress\/ -->\n<title>Emploi at OROS - Noise &amp; vibration<\/title>\n<meta name=\"description\" content=\"Join our team of experts and help us provide innovate products for sound and vibration related issues.\" \/>\n<meta name=\"robots\" content=\"index, follow, max-snippet:-1, max-image-preview:large, max-video-preview:-1\" \/>\n<link rel=\"canonical\" href=\"https:\/\/www.oros.com\/fr\/emploi\/\" \/>\n<meta property=\"og:locale\" content=\"fr_FR\" \/>\n<meta property=\"og:type\" content=\"article\" \/>\n<meta property=\"og:title\" content=\"Emploi at OROS - Noise &amp; vibration\" \/>\n<meta property=\"og:description\" content=\"Join our team of experts and help us provide innovate products for sound and vibration related issues.\" \/>\n<meta property=\"og:url\" content=\"https:\/\/www.oros.com\/fr\/emploi\/\" \/>\n<meta property=\"og:site_name\" content=\"OROS\" \/>\n<meta property=\"article:modified_time\" content=\"2025-07-09T11:23:52+00:00\" \/>\n<meta property=\"og:image\" content=\"https:\/\/www.oros.com\/wp-content\/uploads\/2022\/07\/reunion-interne.jpg\" \/>\n\t<meta property=\"og:image:width\" content=\"1326\" \/>\n\t<meta property=\"og:image:height\" content=\"842\" \/>\n\t<meta property=\"og:image:type\" content=\"image\/jpeg\" \/>\n<meta name=\"twitter:card\" content=\"summary_large_image\" \/>\n<meta name=\"twitter:label1\" content=\"Dur\u00e9e de lecture estim\u00e9e\" \/>\n\t<meta name=\"twitter:data1\" content=\"1 minute\" \/>\n<script type=\"application\/ld+json\" class=\"yoast-schema-graph\">{\"@context\":\"https:\\\/\\\/schema.org\",\"@graph\":[{\"@type\":\"WebPage\",\"@id\":\"https:\\\/\\\/www.oros.com\\\/fr\\\/emploi\\\/\",\"url\":\"https:\\\/\\\/www.oros.com\\\/fr\\\/emploi\\\/\",\"name\":\"Emploi at OROS - Noise & vibration\",\"isPartOf\":{\"@id\":\"https:\\\/\\\/www.oros.com\\\/#website\"},\"primaryImageOfPage\":{\"@id\":\"https:\\\/\\\/www.oros.com\\\/fr\\\/emploi\\\/#primaryimage\"},\"image\":{\"@id\":\"https:\\\/\\\/www.oros.com\\\/fr\\\/emploi\\\/#primaryimage\"},\"thumbnailUrl\":\"https:\\\/\\\/www.oros.com\\\/wp-content\\\/uploads\\\/2022\\\/07\\\/reunion-interne.jpg\",\"datePublished\":\"2018-12-14T08:39:37+00:00\",\"dateModified\":\"2025-07-09T11:23:52+00:00\",\"description\":\"Join our team of experts and help us provide innovate products for sound and vibration related issues.\",\"breadcrumb\":{\"@id\":\"https:\\\/\\\/www.oros.com\\\/fr\\\/emploi\\\/#breadcrumb\"},\"inLanguage\":\"fr-FR\",\"potentialAction\":[{\"@type\":\"ReadAction\",\"target\":[\"https:\\\/\\\/www.oros.com\\\/fr\\\/emploi\\\/\"]}]},{\"@type\":\"ImageObject\",\"inLanguage\":\"fr-FR\",\"@id\":\"https:\\\/\\\/www.oros.com\\\/fr\\\/emploi\\\/#primaryimage\",\"url\":\"https:\\\/\\\/www.oros.com\\\/wp-content\\\/uploads\\\/2022\\\/07\\\/reunion-interne.jpg\",\"contentUrl\":\"https:\\\/\\\/www.oros.com\\\/wp-content\\\/uploads\\\/2022\\\/07\\\/reunion-interne.jpg\",\"width\":1326,\"height\":842},{\"@type\":\"BreadcrumbList\",\"@id\":\"https:\\\/\\\/www.oros.com\\\/fr\\\/emploi\\\/#breadcrumb\",\"itemListElement\":[{\"@type\":\"ListItem\",\"position\":1,\"name\":\"Accueil\",\"item\":\"https:\\\/\\\/www.oros.com\\\/fr\\\/\"},{\"@type\":\"ListItem\",\"position\":2,\"name\":\"Emploi\"}]},{\"@type\":\"WebSite\",\"@id\":\"https:\\\/\\\/www.oros.com\\\/#website\",\"url\":\"https:\\\/\\\/www.oros.com\\\/\",\"name\":\"OROS\",\"description\":\"Measuring noise &amp; vibration\",\"potentialAction\":[{\"@type\":\"SearchAction\",\"target\":{\"@type\":\"EntryPoint\",\"urlTemplate\":\"https:\\\/\\\/www.oros.com\\\/?s={search_term_string}\"},\"query-input\":{\"@type\":\"PropertyValueSpecification\",\"valueRequired\":true,\"valueName\":\"search_term_string\"}}],\"inLanguage\":\"fr-FR\"}]}<\/script>\n<!-- \/ Yoast SEO plugin. -->","yoast_head_json":{"title":"Emploi at OROS - Noise & vibration","description":"Join our team of experts and help us provide innovate products for sound and vibration related issues.","robots":{"index":"index","follow":"follow","max-snippet":"max-snippet:-1","max-image-preview":"max-image-preview:large","max-video-preview":"max-video-preview:-1"},"canonical":"https:\/\/www.oros.com\/fr\/emploi\/","og_locale":"fr_FR","og_type":"article","og_title":"Emploi at OROS - Noise & vibration","og_description":"Join our team of experts and help us provide innovate products for sound and vibration related issues.","og_url":"https:\/\/www.oros.com\/fr\/emploi\/","og_site_name":"OROS","article_modified_time":"2025-07-09T11:23:52+00:00","og_image":[{"width":1326,"height":842,"url":"https:\/\/www.oros.com\/wp-content\/uploads\/2022\/07\/reunion-interne.jpg","type":"image\/jpeg"}],"twitter_card":"summary_large_image","twitter_misc":{"Dur\u00e9e de lecture estim\u00e9e":"1 minute"},"schema":{"@context":"https:\/\/schema.org","@graph":[{"@type":"WebPage","@id":"https:\/\/www.oros.com\/fr\/emploi\/","url":"https:\/\/www.oros.com\/fr\/emploi\/","name":"Emploi at OROS - Noise & vibration","isPartOf":{"@id":"https:\/\/www.oros.com\/#website"},"primaryImageOfPage":{"@id":"https:\/\/www.oros.com\/fr\/emploi\/#primaryimage"},"image":{"@id":"https:\/\/www.oros.com\/fr\/emploi\/#primaryimage"},"thumbnailUrl":"https:\/\/www.oros.com\/wp-content\/uploads\/2022\/07\/reunion-interne.jpg","datePublished":"2018-12-14T08:39:37+00:00","dateModified":"2025-07-09T11:23:52+00:00","description":"Join our team of experts and help us provide innovate products for sound and vibration related issues.","breadcrumb":{"@id":"https:\/\/www.oros.com\/fr\/emploi\/#breadcrumb"},"inLanguage":"fr-FR","potentialAction":[{"@type":"ReadAction","target":["https:\/\/www.oros.com\/fr\/emploi\/"]}]},{"@type":"ImageObject","inLanguage":"fr-FR","@id":"https:\/\/www.oros.com\/fr\/emploi\/#primaryimage","url":"https:\/\/www.oros.com\/wp-content\/uploads\/2022\/07\/reunion-interne.jpg","contentUrl":"https:\/\/www.oros.com\/wp-content\/uploads\/2022\/07\/reunion-interne.jpg","width":1326,"height":842},{"@type":"BreadcrumbList","@id":"https:\/\/www.oros.com\/fr\/emploi\/#breadcrumb","itemListElement":[{"@type":"ListItem","position":1,"name":"Accueil","item":"https:\/\/www.oros.com\/fr\/"},{"@type":"ListItem","position":2,"name":"Emploi"}]},{"@type":"WebSite","@id":"https:\/\/www.oros.com\/#website","url":"https:\/\/www.oros.com\/","name":"OROS","description":"Measuring noise &amp; vibration","potentialAction":[{"@type":"SearchAction","target":{"@type":"EntryPoint","urlTemplate":"https:\/\/www.oros.com\/?s={search_term_string}"},"query-input":{"@type":"PropertyValueSpecification","valueRequired":true,"valueName":"search_term_string"}}],"inLanguage":"fr-FR"}]}},"_links":{"self":[{"href":"https:\/\/www.oros.com\/fr\/wp-json\/wp\/v2\/pages\/16493","targetHints":{"allow":["GET"]}}],"collection":[{"href":"https:\/\/www.oros.com\/fr\/wp-json\/wp\/v2\/pages"}],"about":[{"href":"https:\/\/www.oros.com\/fr\/wp-json\/wp\/v2\/types\/page"}],"author":[{"embeddable":true,"href":"https:\/\/www.oros.com\/fr\/wp-json\/wp\/v2\/users\/2"}],"replies":[{"embeddable":true,"href":"https:\/\/www.oros.com\/fr\/wp-json\/wp\/v2\/comments?post=16493"}],"version-history":[{"count":25,"href":"https:\/\/www.oros.com\/fr\/wp-json\/wp\/v2\/pages\/16493\/revisions"}],"predecessor-version":[{"id":132132,"href":"https:\/\/www.oros.com\/fr\/wp-json\/wp\/v2\/pages\/16493\/revisions\/132132"}],"wp:featuredmedia":[{"embeddable":true,"href":"https:\/\/www.oros.com\/fr\/wp-json\/wp\/v2\/media\/82965"}],"wp:attachment":[{"href":"https:\/\/www.oros.com\/fr\/wp-json\/wp\/v2\/media?parent=16493"}],"curies":[{"name":"wp","href":"https:\/\/api.w.org\/{rel}","templated":true}]}}