{"id":16718,"date":"2018-12-14T10:02:02","date_gmt":"2018-12-14T09:02:02","guid":{"rendered":"https:\/\/www.oros.com\/downloads\/"},"modified":"2024-02-19T11:41:05","modified_gmt":"2024-02-19T10:41:05","slug":"telechargements","status":"publish","type":"page","link":"https:\/\/www.oros.com\/fr\/telechargements\/","title":{"rendered":"T\u00e9l\u00e9chargements"},"content":{"rendered":"<p><strong>Toutes nos documentations sont en anglais.\u00a0<\/strong> Vous les trouverez ci-dessous en t\u00e9l\u00e9chargement.<\/p>\n<p>&nbsp;<\/p>\n<p>Devenez un utilisateur myOROS et t\u00e9l\u00e9chargez gratuitement toutes nos brochures, fiches techniques et notre logiciel de d\u00e9monstration.<\/p>\n<p>Si vous \u00eates un client OROS, vous b\u00e9n\u00e9ficierez d&rsquo;un acc\u00e8s premium aux mises \u00e0 jour du logiciel pour b\u00e9n\u00e9ficier des derni\u00e8res am\u00e9liorations, corrections et fonctionnalit\u00e9s de votre syst\u00e8me OROS.<\/p>\n<p>Pour vous inscrire, il vous suffit de remplir un court formulaire.<\/p>\n<p>&gt; Acc\u00e8s direct \u00e0 myOROS<\/p>\n","protected":false},"excerpt":{"rendered":"<p>Toutes nos documentations sont en anglais.\u00a0 Vous les trouverez ci-dessous en t\u00e9l\u00e9chargement. &nbsp; Devenez un utilisateur myOROS et t\u00e9l\u00e9chargez gratuitement&#8230; <span class=\"moretag btn btn--right btn--bold\">Lire la suite<\/span><\/p>\n","protected":false},"author":2,"featured_media":210,"parent":0,"menu_order":25,"comment_status":"closed","ping_status":"closed","template":"views\/downloads.blade.php","meta":{"_acf_changed":false,"inline_featured_image":false,"footnotes":""},"class_list":["post-16718","page","type-page","status-publish","has-post-thumbnail","hentry"],"acf":[],"yoast_head":"<!-- This site is optimized with the Yoast SEO plugin v27.5 - https:\/\/yoast.com\/product\/yoast-seo-wordpress\/ -->\n<title>T\u00e9l\u00e9chargements - OROS<\/title>\n<meta name=\"robots\" content=\"index, follow, max-snippet:-1, max-image-preview:large, max-video-preview:-1\" \/>\n<link rel=\"canonical\" href=\"https:\/\/www.oros.com\/fr\/telechargements\/\" \/>\n<meta property=\"og:locale\" content=\"fr_FR\" \/>\n<meta property=\"og:type\" content=\"article\" \/>\n<meta property=\"og:title\" content=\"T\u00e9l\u00e9chargements - OROS\" \/>\n<meta property=\"og:description\" content=\"Toutes nos documentations sont en anglais.\u00a0 Vous les trouverez ci-dessous en t\u00e9l\u00e9chargement. &nbsp; Devenez un utilisateur myOROS et t\u00e9l\u00e9chargez gratuitement... Lire la suite\" \/>\n<meta property=\"og:url\" content=\"https:\/\/www.oros.com\/fr\/telechargements\/\" \/>\n<meta property=\"og:site_name\" content=\"OROS\" \/>\n<meta property=\"article:modified_time\" content=\"2024-02-19T10:41:05+00:00\" \/>\n<meta property=\"og:image\" content=\"https:\/\/www.oros.com\/wp-content\/uploads\/2018\/12\/hands.jpg\" \/>\n\t<meta property=\"og:image:width\" content=\"1650\" \/>\n\t<meta property=\"og:image:height\" content=\"929\" \/>\n\t<meta property=\"og:image:type\" content=\"image\/jpeg\" \/>\n<meta name=\"twitter:card\" content=\"summary_large_image\" \/>\n<meta name=\"twitter:label1\" content=\"Dur\u00e9e de lecture estim\u00e9e\" \/>\n\t<meta name=\"twitter:data1\" content=\"1 minute\" \/>\n<script type=\"application\/ld+json\" class=\"yoast-schema-graph\">{\"@context\":\"https:\\\/\\\/schema.org\",\"@graph\":[{\"@type\":\"WebPage\",\"@id\":\"https:\\\/\\\/www.oros.com\\\/fr\\\/telechargements\\\/\",\"url\":\"https:\\\/\\\/www.oros.com\\\/fr\\\/telechargements\\\/\",\"name\":\"T\u00e9l\u00e9chargements - OROS\",\"isPartOf\":{\"@id\":\"https:\\\/\\\/www.oros.com\\\/#website\"},\"primaryImageOfPage\":{\"@id\":\"https:\\\/\\\/www.oros.com\\\/fr\\\/telechargements\\\/#primaryimage\"},\"image\":{\"@id\":\"https:\\\/\\\/www.oros.com\\\/fr\\\/telechargements\\\/#primaryimage\"},\"thumbnailUrl\":\"https:\\\/\\\/www.oros.com\\\/wp-content\\\/uploads\\\/2018\\\/12\\\/hands.jpg\",\"datePublished\":\"2018-12-14T09:02:02+00:00\",\"dateModified\":\"2024-02-19T10:41:05+00:00\",\"breadcrumb\":{\"@id\":\"https:\\\/\\\/www.oros.com\\\/fr\\\/telechargements\\\/#breadcrumb\"},\"inLanguage\":\"fr-FR\",\"potentialAction\":[{\"@type\":\"ReadAction\",\"target\":[\"https:\\\/\\\/www.oros.com\\\/fr\\\/telechargements\\\/\"]}]},{\"@type\":\"ImageObject\",\"inLanguage\":\"fr-FR\",\"@id\":\"https:\\\/\\\/www.oros.com\\\/fr\\\/telechargements\\\/#primaryimage\",\"url\":\"https:\\\/\\\/www.oros.com\\\/wp-content\\\/uploads\\\/2018\\\/12\\\/hands.jpg\",\"contentUrl\":\"https:\\\/\\\/www.oros.com\\\/wp-content\\\/uploads\\\/2018\\\/12\\\/hands.jpg\",\"width\":1650,\"height\":929},{\"@type\":\"BreadcrumbList\",\"@id\":\"https:\\\/\\\/www.oros.com\\\/fr\\\/telechargements\\\/#breadcrumb\",\"itemListElement\":[{\"@type\":\"ListItem\",\"position\":1,\"name\":\"Accueil\",\"item\":\"https:\\\/\\\/www.oros.com\\\/fr\\\/\"},{\"@type\":\"ListItem\",\"position\":2,\"name\":\"T\u00e9l\u00e9chargements\"}]},{\"@type\":\"WebSite\",\"@id\":\"https:\\\/\\\/www.oros.com\\\/#website\",\"url\":\"https:\\\/\\\/www.oros.com\\\/\",\"name\":\"OROS\",\"description\":\"Measuring noise &amp; vibration\",\"potentialAction\":[{\"@type\":\"SearchAction\",\"target\":{\"@type\":\"EntryPoint\",\"urlTemplate\":\"https:\\\/\\\/www.oros.com\\\/?s={search_term_string}\"},\"query-input\":{\"@type\":\"PropertyValueSpecification\",\"valueRequired\":true,\"valueName\":\"search_term_string\"}}],\"inLanguage\":\"fr-FR\"}]}<\/script>\n<!-- \/ Yoast SEO plugin. -->","yoast_head_json":{"title":"T\u00e9l\u00e9chargements - OROS","robots":{"index":"index","follow":"follow","max-snippet":"max-snippet:-1","max-image-preview":"max-image-preview:large","max-video-preview":"max-video-preview:-1"},"canonical":"https:\/\/www.oros.com\/fr\/telechargements\/","og_locale":"fr_FR","og_type":"article","og_title":"T\u00e9l\u00e9chargements - OROS","og_description":"Toutes nos documentations sont en anglais.\u00a0 Vous les trouverez ci-dessous en t\u00e9l\u00e9chargement. &nbsp; Devenez un utilisateur myOROS et t\u00e9l\u00e9chargez gratuitement... Lire la suite","og_url":"https:\/\/www.oros.com\/fr\/telechargements\/","og_site_name":"OROS","article_modified_time":"2024-02-19T10:41:05+00:00","og_image":[{"width":1650,"height":929,"url":"https:\/\/www.oros.com\/wp-content\/uploads\/2018\/12\/hands.jpg","type":"image\/jpeg"}],"twitter_card":"summary_large_image","twitter_misc":{"Dur\u00e9e de lecture estim\u00e9e":"1 minute"},"schema":{"@context":"https:\/\/schema.org","@graph":[{"@type":"WebPage","@id":"https:\/\/www.oros.com\/fr\/telechargements\/","url":"https:\/\/www.oros.com\/fr\/telechargements\/","name":"T\u00e9l\u00e9chargements - OROS","isPartOf":{"@id":"https:\/\/www.oros.com\/#website"},"primaryImageOfPage":{"@id":"https:\/\/www.oros.com\/fr\/telechargements\/#primaryimage"},"image":{"@id":"https:\/\/www.oros.com\/fr\/telechargements\/#primaryimage"},"thumbnailUrl":"https:\/\/www.oros.com\/wp-content\/uploads\/2018\/12\/hands.jpg","datePublished":"2018-12-14T09:02:02+00:00","dateModified":"2024-02-19T10:41:05+00:00","breadcrumb":{"@id":"https:\/\/www.oros.com\/fr\/telechargements\/#breadcrumb"},"inLanguage":"fr-FR","potentialAction":[{"@type":"ReadAction","target":["https:\/\/www.oros.com\/fr\/telechargements\/"]}]},{"@type":"ImageObject","inLanguage":"fr-FR","@id":"https:\/\/www.oros.com\/fr\/telechargements\/#primaryimage","url":"https:\/\/www.oros.com\/wp-content\/uploads\/2018\/12\/hands.jpg","contentUrl":"https:\/\/www.oros.com\/wp-content\/uploads\/2018\/12\/hands.jpg","width":1650,"height":929},{"@type":"BreadcrumbList","@id":"https:\/\/www.oros.com\/fr\/telechargements\/#breadcrumb","itemListElement":[{"@type":"ListItem","position":1,"name":"Accueil","item":"https:\/\/www.oros.com\/fr\/"},{"@type":"ListItem","position":2,"name":"T\u00e9l\u00e9chargements"}]},{"@type":"WebSite","@id":"https:\/\/www.oros.com\/#website","url":"https:\/\/www.oros.com\/","name":"OROS","description":"Measuring noise &amp; vibration","potentialAction":[{"@type":"SearchAction","target":{"@type":"EntryPoint","urlTemplate":"https:\/\/www.oros.com\/?s={search_term_string}"},"query-input":{"@type":"PropertyValueSpecification","valueRequired":true,"valueName":"search_term_string"}}],"inLanguage":"fr-FR"}]}},"_links":{"self":[{"href":"https:\/\/www.oros.com\/fr\/wp-json\/wp\/v2\/pages\/16718","targetHints":{"allow":["GET"]}}],"collection":[{"href":"https:\/\/www.oros.com\/fr\/wp-json\/wp\/v2\/pages"}],"about":[{"href":"https:\/\/www.oros.com\/fr\/wp-json\/wp\/v2\/types\/page"}],"author":[{"embeddable":true,"href":"https:\/\/www.oros.com\/fr\/wp-json\/wp\/v2\/users\/2"}],"replies":[{"embeddable":true,"href":"https:\/\/www.oros.com\/fr\/wp-json\/wp\/v2\/comments?post=16718"}],"version-history":[{"count":17,"href":"https:\/\/www.oros.com\/fr\/wp-json\/wp\/v2\/pages\/16718\/revisions"}],"predecessor-version":[{"id":131127,"href":"https:\/\/www.oros.com\/fr\/wp-json\/wp\/v2\/pages\/16718\/revisions\/131127"}],"wp:featuredmedia":[{"embeddable":true,"href":"https:\/\/www.oros.com\/fr\/wp-json\/wp\/v2\/media\/210"}],"wp:attachment":[{"href":"https:\/\/www.oros.com\/fr\/wp-json\/wp\/v2\/media?parent=16718"}],"curies":[{"name":"wp","href":"https:\/\/api.w.org\/{rel}","templated":true}]}}