{"id":16734,"date":"2021-09-20T11:01:42","date_gmt":"2021-09-20T09:01:42","guid":{"rendered":"https:\/\/www.oros.com\/solutions\/analyse-modale\/"},"modified":"2022-08-04T18:20:42","modified_gmt":"2022-08-04T16:20:42","slug":"analyse-modale","status":"publish","type":"page","link":"https:\/\/www.oros.com\/fr\/produits\/dynamique-des-structures\/analyse-modale\/","title":{"rendered":"Analyse Modale"},"content":{"rendered":"<p>L&rsquo;<strong>analyse modale<\/strong> est une technique puissante permettant de comprendre le comportement des structures pour valider les r\u00e9sultats de simulation, la conception m\u00e9canique et la maintenance. D\u00e9couvrez <strong>OROS Modal, un logiciel appliqu\u00e9, associant les derniers algorithmes \u00e0 une interface conviviale et des commandes automatis\u00e9es.<\/strong><\/p>\n","protected":false},"excerpt":{"rendered":"<p>L&rsquo;analyse modale est une technique puissante permettant de comprendre le comportement des structures pour valider les r\u00e9sultats de simulation, la&#8230; <span class=\"moretag btn btn--right btn--bold\">Lire la suite<\/span><\/p>\n","protected":false},"author":5,"featured_media":2364,"parent":16199,"menu_order":2,"comment_status":"closed","ping_status":"closed","template":"views\/solutions.blade.php","meta":{"_acf_changed":false,"inline_featured_image":false,"footnotes":""},"class_list":["post-16734","page","type-page","status-publish","has-post-thumbnail","hentry"],"acf":[],"yoast_head":"<!-- This site is optimized with the Yoast SEO plugin v27.4 - https:\/\/yoast.com\/product\/yoast-seo-wordpress\/ -->\n<title>Logiciel d&#039;analyse modale<\/title>\n<meta name=\"description\" content=\"Comprendre le comportement des structures pour valider les r\u00e9sultats de simulation, la conception m\u00e9canique et la maintenance.\" \/>\n<meta name=\"robots\" content=\"index, follow, max-snippet:-1, max-image-preview:large, max-video-preview:-1\" \/>\n<link rel=\"canonical\" href=\"https:\/\/www.oros.com\/fr\/produits\/dynamique-des-structures\/analyse-modale\/\" \/>\n<meta property=\"og:locale\" content=\"fr_FR\" \/>\n<meta property=\"og:type\" content=\"article\" \/>\n<meta property=\"og:title\" content=\"Logiciel d&#039;analyse modale\" \/>\n<meta property=\"og:description\" content=\"Comprendre le comportement des structures pour valider les r\u00e9sultats de simulation, la conception m\u00e9canique et la maintenance.\" \/>\n<meta property=\"og:url\" content=\"https:\/\/www.oros.com\/fr\/produits\/dynamique-des-structures\/analyse-modale\/\" \/>\n<meta property=\"og:site_name\" content=\"OROS\" \/>\n<meta property=\"article:modified_time\" content=\"2022-08-04T16:20:42+00:00\" \/>\n<meta property=\"og:image\" content=\"https:\/\/www.oros.com\/wp-content\/uploads\/2019\/02\/large-channel-count_web.jpg\" \/>\n\t<meta property=\"og:image:width\" content=\"1000\" \/>\n\t<meta property=\"og:image:height\" content=\"670\" \/>\n\t<meta property=\"og:image:type\" content=\"image\/jpeg\" \/>\n<meta name=\"twitter:card\" content=\"summary_large_image\" \/>\n<meta name=\"twitter:label1\" content=\"Dur\u00e9e de lecture estim\u00e9e\" \/>\n\t<meta name=\"twitter:data1\" content=\"1 minute\" \/>\n<script type=\"application\/ld+json\" class=\"yoast-schema-graph\">{\"@context\":\"https:\\\/\\\/schema.org\",\"@graph\":[{\"@type\":\"WebPage\",\"@id\":\"https:\\\/\\\/www.oros.com\\\/fr\\\/produits\\\/dynamique-des-structures\\\/analyse-modale\\\/\",\"url\":\"https:\\\/\\\/www.oros.com\\\/fr\\\/produits\\\/dynamique-des-structures\\\/analyse-modale\\\/\",\"name\":\"Logiciel d'analyse modale\",\"isPartOf\":{\"@id\":\"https:\\\/\\\/www.oros.com\\\/#website\"},\"primaryImageOfPage\":{\"@id\":\"https:\\\/\\\/www.oros.com\\\/fr\\\/produits\\\/dynamique-des-structures\\\/analyse-modale\\\/#primaryimage\"},\"image\":{\"@id\":\"https:\\\/\\\/www.oros.com\\\/fr\\\/produits\\\/dynamique-des-structures\\\/analyse-modale\\\/#primaryimage\"},\"thumbnailUrl\":\"https:\\\/\\\/www.oros.com\\\/wp-content\\\/uploads\\\/2019\\\/02\\\/large-channel-count_web.jpg\",\"datePublished\":\"2021-09-20T09:01:42+00:00\",\"dateModified\":\"2022-08-04T16:20:42+00:00\",\"description\":\"Comprendre le comportement des structures pour valider les r\u00e9sultats de simulation, la conception m\u00e9canique et la maintenance.\",\"breadcrumb\":{\"@id\":\"https:\\\/\\\/www.oros.com\\\/fr\\\/produits\\\/dynamique-des-structures\\\/analyse-modale\\\/#breadcrumb\"},\"inLanguage\":\"fr-FR\",\"potentialAction\":[{\"@type\":\"ReadAction\",\"target\":[\"https:\\\/\\\/www.oros.com\\\/fr\\\/produits\\\/dynamique-des-structures\\\/analyse-modale\\\/\"]}]},{\"@type\":\"ImageObject\",\"inLanguage\":\"fr-FR\",\"@id\":\"https:\\\/\\\/www.oros.com\\\/fr\\\/produits\\\/dynamique-des-structures\\\/analyse-modale\\\/#primaryimage\",\"url\":\"https:\\\/\\\/www.oros.com\\\/wp-content\\\/uploads\\\/2019\\\/02\\\/large-channel-count_web.jpg\",\"contentUrl\":\"https:\\\/\\\/www.oros.com\\\/wp-content\\\/uploads\\\/2019\\\/02\\\/large-channel-count_web.jpg\",\"width\":1000,\"height\":670},{\"@type\":\"BreadcrumbList\",\"@id\":\"https:\\\/\\\/www.oros.com\\\/fr\\\/produits\\\/dynamique-des-structures\\\/analyse-modale\\\/#breadcrumb\",\"itemListElement\":[{\"@type\":\"ListItem\",\"position\":1,\"name\":\"Accueil\",\"item\":\"https:\\\/\\\/www.oros.com\\\/fr\\\/\"},{\"@type\":\"ListItem\",\"position\":2,\"name\":\"Produits\",\"item\":\"https:\\\/\\\/www.oros.com\\\/fr\\\/produits\\\/\"},{\"@type\":\"ListItem\",\"position\":3,\"name\":\"Dynamique des Structures\",\"item\":\"https:\\\/\\\/www.oros.com\\\/fr\\\/produits\\\/dynamique-des-structures\\\/\"},{\"@type\":\"ListItem\",\"position\":4,\"name\":\"Analyse Modale\"}]},{\"@type\":\"WebSite\",\"@id\":\"https:\\\/\\\/www.oros.com\\\/#website\",\"url\":\"https:\\\/\\\/www.oros.com\\\/\",\"name\":\"OROS\",\"description\":\"Measuring noise &amp; vibration\",\"potentialAction\":[{\"@type\":\"SearchAction\",\"target\":{\"@type\":\"EntryPoint\",\"urlTemplate\":\"https:\\\/\\\/www.oros.com\\\/?s={search_term_string}\"},\"query-input\":{\"@type\":\"PropertyValueSpecification\",\"valueRequired\":true,\"valueName\":\"search_term_string\"}}],\"inLanguage\":\"fr-FR\"}]}<\/script>\n<!-- \/ Yoast SEO plugin. -->","yoast_head_json":{"title":"Logiciel d'analyse modale","description":"Comprendre le comportement des structures pour valider les r\u00e9sultats de simulation, la conception m\u00e9canique et la maintenance.","robots":{"index":"index","follow":"follow","max-snippet":"max-snippet:-1","max-image-preview":"max-image-preview:large","max-video-preview":"max-video-preview:-1"},"canonical":"https:\/\/www.oros.com\/fr\/produits\/dynamique-des-structures\/analyse-modale\/","og_locale":"fr_FR","og_type":"article","og_title":"Logiciel d'analyse modale","og_description":"Comprendre le comportement des structures pour valider les r\u00e9sultats de simulation, la conception m\u00e9canique et la maintenance.","og_url":"https:\/\/www.oros.com\/fr\/produits\/dynamique-des-structures\/analyse-modale\/","og_site_name":"OROS","article_modified_time":"2022-08-04T16:20:42+00:00","og_image":[{"width":1000,"height":670,"url":"https:\/\/www.oros.com\/wp-content\/uploads\/2019\/02\/large-channel-count_web.jpg","type":"image\/jpeg"}],"twitter_card":"summary_large_image","twitter_misc":{"Dur\u00e9e de lecture estim\u00e9e":"1 minute"},"schema":{"@context":"https:\/\/schema.org","@graph":[{"@type":"WebPage","@id":"https:\/\/www.oros.com\/fr\/produits\/dynamique-des-structures\/analyse-modale\/","url":"https:\/\/www.oros.com\/fr\/produits\/dynamique-des-structures\/analyse-modale\/","name":"Logiciel d'analyse modale","isPartOf":{"@id":"https:\/\/www.oros.com\/#website"},"primaryImageOfPage":{"@id":"https:\/\/www.oros.com\/fr\/produits\/dynamique-des-structures\/analyse-modale\/#primaryimage"},"image":{"@id":"https:\/\/www.oros.com\/fr\/produits\/dynamique-des-structures\/analyse-modale\/#primaryimage"},"thumbnailUrl":"https:\/\/www.oros.com\/wp-content\/uploads\/2019\/02\/large-channel-count_web.jpg","datePublished":"2021-09-20T09:01:42+00:00","dateModified":"2022-08-04T16:20:42+00:00","description":"Comprendre le comportement des structures pour valider les r\u00e9sultats de simulation, la conception m\u00e9canique et la maintenance.","breadcrumb":{"@id":"https:\/\/www.oros.com\/fr\/produits\/dynamique-des-structures\/analyse-modale\/#breadcrumb"},"inLanguage":"fr-FR","potentialAction":[{"@type":"ReadAction","target":["https:\/\/www.oros.com\/fr\/produits\/dynamique-des-structures\/analyse-modale\/"]}]},{"@type":"ImageObject","inLanguage":"fr-FR","@id":"https:\/\/www.oros.com\/fr\/produits\/dynamique-des-structures\/analyse-modale\/#primaryimage","url":"https:\/\/www.oros.com\/wp-content\/uploads\/2019\/02\/large-channel-count_web.jpg","contentUrl":"https:\/\/www.oros.com\/wp-content\/uploads\/2019\/02\/large-channel-count_web.jpg","width":1000,"height":670},{"@type":"BreadcrumbList","@id":"https:\/\/www.oros.com\/fr\/produits\/dynamique-des-structures\/analyse-modale\/#breadcrumb","itemListElement":[{"@type":"ListItem","position":1,"name":"Accueil","item":"https:\/\/www.oros.com\/fr\/"},{"@type":"ListItem","position":2,"name":"Produits","item":"https:\/\/www.oros.com\/fr\/produits\/"},{"@type":"ListItem","position":3,"name":"Dynamique des Structures","item":"https:\/\/www.oros.com\/fr\/produits\/dynamique-des-structures\/"},{"@type":"ListItem","position":4,"name":"Analyse Modale"}]},{"@type":"WebSite","@id":"https:\/\/www.oros.com\/#website","url":"https:\/\/www.oros.com\/","name":"OROS","description":"Measuring noise &amp; vibration","potentialAction":[{"@type":"SearchAction","target":{"@type":"EntryPoint","urlTemplate":"https:\/\/www.oros.com\/?s={search_term_string}"},"query-input":{"@type":"PropertyValueSpecification","valueRequired":true,"valueName":"search_term_string"}}],"inLanguage":"fr-FR"}]}},"_links":{"self":[{"href":"https:\/\/www.oros.com\/fr\/wp-json\/wp\/v2\/pages\/16734","targetHints":{"allow":["GET"]}}],"collection":[{"href":"https:\/\/www.oros.com\/fr\/wp-json\/wp\/v2\/pages"}],"about":[{"href":"https:\/\/www.oros.com\/fr\/wp-json\/wp\/v2\/types\/page"}],"author":[{"embeddable":true,"href":"https:\/\/www.oros.com\/fr\/wp-json\/wp\/v2\/users\/5"}],"replies":[{"embeddable":true,"href":"https:\/\/www.oros.com\/fr\/wp-json\/wp\/v2\/comments?post=16734"}],"version-history":[{"count":10,"href":"https:\/\/www.oros.com\/fr\/wp-json\/wp\/v2\/pages\/16734\/revisions"}],"predecessor-version":[{"id":95670,"href":"https:\/\/www.oros.com\/fr\/wp-json\/wp\/v2\/pages\/16734\/revisions\/95670"}],"up":[{"embeddable":true,"href":"https:\/\/www.oros.com\/fr\/wp-json\/wp\/v2\/pages\/16199"}],"wp:featuredmedia":[{"embeddable":true,"href":"https:\/\/www.oros.com\/fr\/wp-json\/wp\/v2\/media\/2364"}],"wp:attachment":[{"href":"https:\/\/www.oros.com\/fr\/wp-json\/wp\/v2\/media?parent=16734"}],"curies":[{"name":"wp","href":"https:\/\/api.w.org\/{rel}","templated":true}]}}