{"id":16760,"date":"2020-05-20T10:53:54","date_gmt":"2020-05-20T08:53:54","guid":{"rendered":"https:\/\/www.oros.com\/services\/tutorial-videos\/"},"modified":"2022-08-23T16:51:48","modified_gmt":"2022-08-23T14:51:48","slug":"tutoriels-video","status":"publish","type":"page","link":"https:\/\/www.oros.com\/fr\/services\/tutoriels-video\/","title":{"rendered":"Tutoriels vid\u00e9o"},"content":{"rendered":"<p>Un ensemble complet de vid\u00e9os tutorielles est d\u00e9sormais disponible pour permettre une auto-formation quotidienne efficace. <strong>Attention, tous ces supports sont en anglais<\/strong>.<\/p>\n<p>Les vid\u00e9os et leurs donn\u00e9es correspondantes sont jointes et sont sp\u00e9cifiques \u00e0 la plateforme logicielle NVGate et \u00e0 nos autres solutions logicielles OROS. Les vid\u00e9os sont accessibles ici et sur la cha\u00eene Youtube d&rsquo;OROS.<\/p>\n<p>De plus, l&rsquo;explorateur de didacticiels permet d&rsquo;acc\u00e9der hors ligne aux vid\u00e9os de didacticiels \u00e0 \u00e9tapes courtes ainsi qu&rsquo;\u00e0 d&rsquo;autres fonctionnalit\u00e9s.<\/p>\n","protected":false},"excerpt":{"rendered":"<p>Un ensemble complet de vid\u00e9os tutorielles est d\u00e9sormais disponible pour permettre une auto-formation quotidienne efficace. Attention, tous ces supports sont&#8230; <span class=\"moretag btn btn--right btn--bold\">Lire la suite<\/span><\/p>\n","protected":false},"author":2,"featured_media":7247,"parent":16432,"menu_order":1,"comment_status":"closed","ping_status":"closed","template":"views\/videos.blade.php","meta":{"_acf_changed":false,"inline_featured_image":false,"footnotes":""},"class_list":["post-16760","page","type-page","status-publish","has-post-thumbnail","hentry"],"acf":[],"yoast_head":"<!-- This site is optimized with the Yoast SEO plugin v27.4 - https:\/\/yoast.com\/product\/yoast-seo-wordpress\/ -->\n<title>Vid\u00e9os tutorielles logiciel d&#039;analyse de bruit et vibration - OROS<\/title>\n<meta name=\"description\" content=\"Toutes les vid\u00e9os tuto d&#039;utilisation des logiciels applicatifs en bruit et vibration, analyse de structures, machines tournantes, acoustique.\" \/>\n<meta name=\"robots\" content=\"index, follow, max-snippet:-1, max-image-preview:large, max-video-preview:-1\" \/>\n<link rel=\"canonical\" href=\"https:\/\/www.oros.com\/fr\/services\/tutoriels-video\/\" \/>\n<meta property=\"og:locale\" content=\"fr_FR\" \/>\n<meta property=\"og:type\" content=\"article\" \/>\n<meta property=\"og:title\" content=\"Vid\u00e9os tutorielles logiciel d&#039;analyse de bruit et vibration - OROS\" \/>\n<meta property=\"og:description\" content=\"Toutes les vid\u00e9os tuto d&#039;utilisation des logiciels applicatifs en bruit et vibration, analyse de structures, machines tournantes, acoustique.\" \/>\n<meta property=\"og:url\" content=\"https:\/\/www.oros.com\/fr\/services\/tutoriels-video\/\" \/>\n<meta property=\"og:site_name\" content=\"OROS\" \/>\n<meta property=\"article:modified_time\" content=\"2022-08-23T14:51:48+00:00\" \/>\n<meta property=\"og:image\" content=\"https:\/\/www.oros.com\/wp-content\/uploads\/2019\/07\/mods-e1614770514934.jpg\" \/>\n\t<meta property=\"og:image:width\" content=\"1000\" \/>\n\t<meta property=\"og:image:height\" content=\"562\" \/>\n\t<meta property=\"og:image:type\" content=\"image\/jpeg\" \/>\n<meta name=\"twitter:card\" content=\"summary_large_image\" \/>\n<meta name=\"twitter:label1\" content=\"Dur\u00e9e de lecture estim\u00e9e\" \/>\n\t<meta name=\"twitter:data1\" content=\"1 minute\" \/>\n<script type=\"application\/ld+json\" class=\"yoast-schema-graph\">{\"@context\":\"https:\\\/\\\/schema.org\",\"@graph\":[{\"@type\":\"WebPage\",\"@id\":\"https:\\\/\\\/www.oros.com\\\/fr\\\/services\\\/tutoriels-video\\\/\",\"url\":\"https:\\\/\\\/www.oros.com\\\/fr\\\/services\\\/tutoriels-video\\\/\",\"name\":\"Vid\u00e9os tutorielles logiciel d'analyse de bruit et vibration - OROS\",\"isPartOf\":{\"@id\":\"https:\\\/\\\/www.oros.com\\\/#website\"},\"primaryImageOfPage\":{\"@id\":\"https:\\\/\\\/www.oros.com\\\/fr\\\/services\\\/tutoriels-video\\\/#primaryimage\"},\"image\":{\"@id\":\"https:\\\/\\\/www.oros.com\\\/fr\\\/services\\\/tutoriels-video\\\/#primaryimage\"},\"thumbnailUrl\":\"https:\\\/\\\/www.oros.com\\\/wp-content\\\/uploads\\\/2019\\\/07\\\/mods-e1614770514934.jpg\",\"datePublished\":\"2020-05-20T08:53:54+00:00\",\"dateModified\":\"2022-08-23T14:51:48+00:00\",\"description\":\"Toutes les vid\u00e9os tuto d'utilisation des logiciels applicatifs en bruit et vibration, analyse de structures, machines tournantes, acoustique.\",\"breadcrumb\":{\"@id\":\"https:\\\/\\\/www.oros.com\\\/fr\\\/services\\\/tutoriels-video\\\/#breadcrumb\"},\"inLanguage\":\"fr-FR\",\"potentialAction\":[{\"@type\":\"ReadAction\",\"target\":[\"https:\\\/\\\/www.oros.com\\\/fr\\\/services\\\/tutoriels-video\\\/\"]}]},{\"@type\":\"ImageObject\",\"inLanguage\":\"fr-FR\",\"@id\":\"https:\\\/\\\/www.oros.com\\\/fr\\\/services\\\/tutoriels-video\\\/#primaryimage\",\"url\":\"https:\\\/\\\/www.oros.com\\\/wp-content\\\/uploads\\\/2019\\\/07\\\/mods-e1614770514934.jpg\",\"contentUrl\":\"https:\\\/\\\/www.oros.com\\\/wp-content\\\/uploads\\\/2019\\\/07\\\/mods-e1614770514934.jpg\",\"width\":1000,\"height\":562,\"caption\":\"Mobile, accurate and flexible system for noise & vibration measurements\"},{\"@type\":\"BreadcrumbList\",\"@id\":\"https:\\\/\\\/www.oros.com\\\/fr\\\/services\\\/tutoriels-video\\\/#breadcrumb\",\"itemListElement\":[{\"@type\":\"ListItem\",\"position\":1,\"name\":\"Accueil\",\"item\":\"https:\\\/\\\/www.oros.com\\\/fr\\\/\"},{\"@type\":\"ListItem\",\"position\":2,\"name\":\"Services\",\"item\":\"https:\\\/\\\/www.oros.com\\\/fr\\\/services\\\/\"},{\"@type\":\"ListItem\",\"position\":3,\"name\":\"Tutoriels vid\u00e9o\"}]},{\"@type\":\"WebSite\",\"@id\":\"https:\\\/\\\/www.oros.com\\\/#website\",\"url\":\"https:\\\/\\\/www.oros.com\\\/\",\"name\":\"OROS\",\"description\":\"Measuring noise &amp; vibration\",\"potentialAction\":[{\"@type\":\"SearchAction\",\"target\":{\"@type\":\"EntryPoint\",\"urlTemplate\":\"https:\\\/\\\/www.oros.com\\\/?s={search_term_string}\"},\"query-input\":{\"@type\":\"PropertyValueSpecification\",\"valueRequired\":true,\"valueName\":\"search_term_string\"}}],\"inLanguage\":\"fr-FR\"}]}<\/script>\n<!-- \/ Yoast SEO plugin. -->","yoast_head_json":{"title":"Vid\u00e9os tutorielles logiciel d'analyse de bruit et vibration - OROS","description":"Toutes les vid\u00e9os tuto d'utilisation des logiciels applicatifs en bruit et vibration, analyse de structures, machines tournantes, acoustique.","robots":{"index":"index","follow":"follow","max-snippet":"max-snippet:-1","max-image-preview":"max-image-preview:large","max-video-preview":"max-video-preview:-1"},"canonical":"https:\/\/www.oros.com\/fr\/services\/tutoriels-video\/","og_locale":"fr_FR","og_type":"article","og_title":"Vid\u00e9os tutorielles logiciel d'analyse de bruit et vibration - OROS","og_description":"Toutes les vid\u00e9os tuto d'utilisation des logiciels applicatifs en bruit et vibration, analyse de structures, machines tournantes, acoustique.","og_url":"https:\/\/www.oros.com\/fr\/services\/tutoriels-video\/","og_site_name":"OROS","article_modified_time":"2022-08-23T14:51:48+00:00","og_image":[{"width":1000,"height":562,"url":"https:\/\/www.oros.com\/wp-content\/uploads\/2019\/07\/mods-e1614770514934.jpg","type":"image\/jpeg"}],"twitter_card":"summary_large_image","twitter_misc":{"Dur\u00e9e de lecture estim\u00e9e":"1 minute"},"schema":{"@context":"https:\/\/schema.org","@graph":[{"@type":"WebPage","@id":"https:\/\/www.oros.com\/fr\/services\/tutoriels-video\/","url":"https:\/\/www.oros.com\/fr\/services\/tutoriels-video\/","name":"Vid\u00e9os tutorielles logiciel d'analyse de bruit et vibration - OROS","isPartOf":{"@id":"https:\/\/www.oros.com\/#website"},"primaryImageOfPage":{"@id":"https:\/\/www.oros.com\/fr\/services\/tutoriels-video\/#primaryimage"},"image":{"@id":"https:\/\/www.oros.com\/fr\/services\/tutoriels-video\/#primaryimage"},"thumbnailUrl":"https:\/\/www.oros.com\/wp-content\/uploads\/2019\/07\/mods-e1614770514934.jpg","datePublished":"2020-05-20T08:53:54+00:00","dateModified":"2022-08-23T14:51:48+00:00","description":"Toutes les vid\u00e9os tuto d'utilisation des logiciels applicatifs en bruit et vibration, analyse de structures, machines tournantes, acoustique.","breadcrumb":{"@id":"https:\/\/www.oros.com\/fr\/services\/tutoriels-video\/#breadcrumb"},"inLanguage":"fr-FR","potentialAction":[{"@type":"ReadAction","target":["https:\/\/www.oros.com\/fr\/services\/tutoriels-video\/"]}]},{"@type":"ImageObject","inLanguage":"fr-FR","@id":"https:\/\/www.oros.com\/fr\/services\/tutoriels-video\/#primaryimage","url":"https:\/\/www.oros.com\/wp-content\/uploads\/2019\/07\/mods-e1614770514934.jpg","contentUrl":"https:\/\/www.oros.com\/wp-content\/uploads\/2019\/07\/mods-e1614770514934.jpg","width":1000,"height":562,"caption":"Mobile, accurate and flexible system for noise & vibration measurements"},{"@type":"BreadcrumbList","@id":"https:\/\/www.oros.com\/fr\/services\/tutoriels-video\/#breadcrumb","itemListElement":[{"@type":"ListItem","position":1,"name":"Accueil","item":"https:\/\/www.oros.com\/fr\/"},{"@type":"ListItem","position":2,"name":"Services","item":"https:\/\/www.oros.com\/fr\/services\/"},{"@type":"ListItem","position":3,"name":"Tutoriels vid\u00e9o"}]},{"@type":"WebSite","@id":"https:\/\/www.oros.com\/#website","url":"https:\/\/www.oros.com\/","name":"OROS","description":"Measuring noise &amp; vibration","potentialAction":[{"@type":"SearchAction","target":{"@type":"EntryPoint","urlTemplate":"https:\/\/www.oros.com\/?s={search_term_string}"},"query-input":{"@type":"PropertyValueSpecification","valueRequired":true,"valueName":"search_term_string"}}],"inLanguage":"fr-FR"}]}},"_links":{"self":[{"href":"https:\/\/www.oros.com\/fr\/wp-json\/wp\/v2\/pages\/16760","targetHints":{"allow":["GET"]}}],"collection":[{"href":"https:\/\/www.oros.com\/fr\/wp-json\/wp\/v2\/pages"}],"about":[{"href":"https:\/\/www.oros.com\/fr\/wp-json\/wp\/v2\/types\/page"}],"author":[{"embeddable":true,"href":"https:\/\/www.oros.com\/fr\/wp-json\/wp\/v2\/users\/2"}],"replies":[{"embeddable":true,"href":"https:\/\/www.oros.com\/fr\/wp-json\/wp\/v2\/comments?post=16760"}],"version-history":[{"count":5,"href":"https:\/\/www.oros.com\/fr\/wp-json\/wp\/v2\/pages\/16760\/revisions"}],"predecessor-version":[{"id":119586,"href":"https:\/\/www.oros.com\/fr\/wp-json\/wp\/v2\/pages\/16760\/revisions\/119586"}],"up":[{"embeddable":true,"href":"https:\/\/www.oros.com\/fr\/wp-json\/wp\/v2\/pages\/16432"}],"wp:featuredmedia":[{"embeddable":true,"href":"https:\/\/www.oros.com\/fr\/wp-json\/wp\/v2\/media\/7247"}],"wp:attachment":[{"href":"https:\/\/www.oros.com\/fr\/wp-json\/wp\/v2\/media?parent=16760"}],"curies":[{"name":"wp","href":"https:\/\/api.w.org\/{rel}","templated":true}]}}