{"id":16766,"date":"2018-12-14T09:38:51","date_gmt":"2018-12-14T08:38:58","guid":{"rendered":"https:\/\/www.oros.com\/services\/support\/"},"modified":"2022-07-20T14:32:12","modified_gmt":"2022-07-20T12:32:12","slug":"support","status":"publish","type":"page","link":"https:\/\/www.oros.com\/fr\/services\/support\/","title":{"rendered":"Support"},"content":{"rendered":"<p>N&rsquo;importe o\u00f9, pr\u00e8s de chez vous<\/p>\n<p>&nbsp;<\/p>\n<p>La r\u00e9activit\u00e9 est la cl\u00e9 pour offrir le meilleur niveau de services. OROS s&rsquo;appuie sur un puissant r\u00e9seau de filiales, bureaux, revendeurs, centres de maintenance et partenaires qualifi\u00e9s. Ils sont les premiers pas de l&rsquo;efficacit\u00e9. Notre philosophie des services :<strong> les clients ne doivent pas avoir \u00e0 attendre une r\u00e9ponse. Notre expertise est \u00e0 leur disposition partout et \u00e0 tout moment.<\/strong><\/p>\n","protected":false},"excerpt":{"rendered":"<p>N&rsquo;importe o\u00f9, pr\u00e8s de chez vous &nbsp; La r\u00e9activit\u00e9 est la cl\u00e9 pour offrir le meilleur niveau de services. OROS&#8230; <span class=\"moretag btn btn--right btn--bold\">Lire la suite<\/span><\/p>\n","protected":false},"author":2,"featured_media":11659,"parent":16432,"menu_order":4,"comment_status":"closed","ping_status":"closed","template":"","meta":{"_acf_changed":false,"inline_featured_image":false,"footnotes":""},"class_list":["post-16766","page","type-page","status-publish","has-post-thumbnail","hentry"],"acf":[],"yoast_head":"<!-- This site is optimized with the Yoast SEO plugin v27.4 - https:\/\/yoast.com\/product\/yoast-seo-wordpress\/ -->\n<title>Support &amp; assistance - OROS<\/title>\n<meta name=\"description\" content=\"Our experts provide support and assistance on your applications and software to fully meet your needs.\" \/>\n<meta name=\"robots\" content=\"index, follow, max-snippet:-1, max-image-preview:large, max-video-preview:-1\" \/>\n<link rel=\"canonical\" href=\"https:\/\/www.oros.com\/fr\/services\/support\/\" \/>\n<meta property=\"og:locale\" content=\"fr_FR\" \/>\n<meta property=\"og:type\" content=\"article\" \/>\n<meta property=\"og:title\" content=\"Support &amp; assistance - OROS\" \/>\n<meta property=\"og:description\" content=\"Our experts provide support and assistance on your applications and software to fully meet your needs.\" \/>\n<meta property=\"og:url\" content=\"https:\/\/www.oros.com\/fr\/services\/support\/\" \/>\n<meta property=\"og:site_name\" content=\"OROS\" \/>\n<meta property=\"article:modified_time\" content=\"2022-07-20T12:32:12+00:00\" \/>\n<meta property=\"og:image\" content=\"https:\/\/www.oros.com\/wp-content\/uploads\/2021\/03\/support-maroc.jpg\" \/>\n\t<meta property=\"og:image:width\" content=\"1236\" \/>\n\t<meta property=\"og:image:height\" content=\"929\" \/>\n\t<meta property=\"og:image:type\" content=\"image\/jpeg\" \/>\n<meta name=\"twitter:card\" content=\"summary_large_image\" \/>\n<meta name=\"twitter:label1\" content=\"Dur\u00e9e de lecture estim\u00e9e\" \/>\n\t<meta name=\"twitter:data1\" content=\"1 minute\" \/>\n<script type=\"application\/ld+json\" class=\"yoast-schema-graph\">{\"@context\":\"https:\\\/\\\/schema.org\",\"@graph\":[{\"@type\":\"WebPage\",\"@id\":\"https:\\\/\\\/www.oros.com\\\/fr\\\/services\\\/support\\\/\",\"url\":\"https:\\\/\\\/www.oros.com\\\/fr\\\/services\\\/support\\\/\",\"name\":\"Support & assistance - OROS\",\"isPartOf\":{\"@id\":\"https:\\\/\\\/www.oros.com\\\/#website\"},\"primaryImageOfPage\":{\"@id\":\"https:\\\/\\\/www.oros.com\\\/fr\\\/services\\\/support\\\/#primaryimage\"},\"image\":{\"@id\":\"https:\\\/\\\/www.oros.com\\\/fr\\\/services\\\/support\\\/#primaryimage\"},\"thumbnailUrl\":\"https:\\\/\\\/www.oros.com\\\/wp-content\\\/uploads\\\/2021\\\/03\\\/support-maroc.jpg\",\"datePublished\":\"2018-12-14T08:38:58+00:00\",\"dateModified\":\"2022-07-20T12:32:12+00:00\",\"description\":\"Our experts provide support and assistance on your applications and software to fully meet your needs.\",\"breadcrumb\":{\"@id\":\"https:\\\/\\\/www.oros.com\\\/fr\\\/services\\\/support\\\/#breadcrumb\"},\"inLanguage\":\"fr-FR\",\"potentialAction\":[{\"@type\":\"ReadAction\",\"target\":[\"https:\\\/\\\/www.oros.com\\\/fr\\\/services\\\/support\\\/\"]}]},{\"@type\":\"ImageObject\",\"inLanguage\":\"fr-FR\",\"@id\":\"https:\\\/\\\/www.oros.com\\\/fr\\\/services\\\/support\\\/#primaryimage\",\"url\":\"https:\\\/\\\/www.oros.com\\\/wp-content\\\/uploads\\\/2021\\\/03\\\/support-maroc.jpg\",\"contentUrl\":\"https:\\\/\\\/www.oros.com\\\/wp-content\\\/uploads\\\/2021\\\/03\\\/support-maroc.jpg\",\"width\":1236,\"height\":929},{\"@type\":\"BreadcrumbList\",\"@id\":\"https:\\\/\\\/www.oros.com\\\/fr\\\/services\\\/support\\\/#breadcrumb\",\"itemListElement\":[{\"@type\":\"ListItem\",\"position\":1,\"name\":\"Accueil\",\"item\":\"https:\\\/\\\/www.oros.com\\\/fr\\\/\"},{\"@type\":\"ListItem\",\"position\":2,\"name\":\"Services\",\"item\":\"https:\\\/\\\/www.oros.com\\\/fr\\\/services\\\/\"},{\"@type\":\"ListItem\",\"position\":3,\"name\":\"Support\"}]},{\"@type\":\"WebSite\",\"@id\":\"https:\\\/\\\/www.oros.com\\\/#website\",\"url\":\"https:\\\/\\\/www.oros.com\\\/\",\"name\":\"OROS\",\"description\":\"Measuring noise &amp; vibration\",\"potentialAction\":[{\"@type\":\"SearchAction\",\"target\":{\"@type\":\"EntryPoint\",\"urlTemplate\":\"https:\\\/\\\/www.oros.com\\\/?s={search_term_string}\"},\"query-input\":{\"@type\":\"PropertyValueSpecification\",\"valueRequired\":true,\"valueName\":\"search_term_string\"}}],\"inLanguage\":\"fr-FR\"}]}<\/script>\n<!-- \/ Yoast SEO plugin. -->","yoast_head_json":{"title":"Support & assistance - OROS","description":"Our experts provide support and assistance on your applications and software to fully meet your needs.","robots":{"index":"index","follow":"follow","max-snippet":"max-snippet:-1","max-image-preview":"max-image-preview:large","max-video-preview":"max-video-preview:-1"},"canonical":"https:\/\/www.oros.com\/fr\/services\/support\/","og_locale":"fr_FR","og_type":"article","og_title":"Support & assistance - OROS","og_description":"Our experts provide support and assistance on your applications and software to fully meet your needs.","og_url":"https:\/\/www.oros.com\/fr\/services\/support\/","og_site_name":"OROS","article_modified_time":"2022-07-20T12:32:12+00:00","og_image":[{"width":1236,"height":929,"url":"https:\/\/www.oros.com\/wp-content\/uploads\/2021\/03\/support-maroc.jpg","type":"image\/jpeg"}],"twitter_card":"summary_large_image","twitter_misc":{"Dur\u00e9e de lecture estim\u00e9e":"1 minute"},"schema":{"@context":"https:\/\/schema.org","@graph":[{"@type":"WebPage","@id":"https:\/\/www.oros.com\/fr\/services\/support\/","url":"https:\/\/www.oros.com\/fr\/services\/support\/","name":"Support & assistance - OROS","isPartOf":{"@id":"https:\/\/www.oros.com\/#website"},"primaryImageOfPage":{"@id":"https:\/\/www.oros.com\/fr\/services\/support\/#primaryimage"},"image":{"@id":"https:\/\/www.oros.com\/fr\/services\/support\/#primaryimage"},"thumbnailUrl":"https:\/\/www.oros.com\/wp-content\/uploads\/2021\/03\/support-maroc.jpg","datePublished":"2018-12-14T08:38:58+00:00","dateModified":"2022-07-20T12:32:12+00:00","description":"Our experts provide support and assistance on your applications and software to fully meet your needs.","breadcrumb":{"@id":"https:\/\/www.oros.com\/fr\/services\/support\/#breadcrumb"},"inLanguage":"fr-FR","potentialAction":[{"@type":"ReadAction","target":["https:\/\/www.oros.com\/fr\/services\/support\/"]}]},{"@type":"ImageObject","inLanguage":"fr-FR","@id":"https:\/\/www.oros.com\/fr\/services\/support\/#primaryimage","url":"https:\/\/www.oros.com\/wp-content\/uploads\/2021\/03\/support-maroc.jpg","contentUrl":"https:\/\/www.oros.com\/wp-content\/uploads\/2021\/03\/support-maroc.jpg","width":1236,"height":929},{"@type":"BreadcrumbList","@id":"https:\/\/www.oros.com\/fr\/services\/support\/#breadcrumb","itemListElement":[{"@type":"ListItem","position":1,"name":"Accueil","item":"https:\/\/www.oros.com\/fr\/"},{"@type":"ListItem","position":2,"name":"Services","item":"https:\/\/www.oros.com\/fr\/services\/"},{"@type":"ListItem","position":3,"name":"Support"}]},{"@type":"WebSite","@id":"https:\/\/www.oros.com\/#website","url":"https:\/\/www.oros.com\/","name":"OROS","description":"Measuring noise &amp; vibration","potentialAction":[{"@type":"SearchAction","target":{"@type":"EntryPoint","urlTemplate":"https:\/\/www.oros.com\/?s={search_term_string}"},"query-input":{"@type":"PropertyValueSpecification","valueRequired":true,"valueName":"search_term_string"}}],"inLanguage":"fr-FR"}]}},"_links":{"self":[{"href":"https:\/\/www.oros.com\/fr\/wp-json\/wp\/v2\/pages\/16766","targetHints":{"allow":["GET"]}}],"collection":[{"href":"https:\/\/www.oros.com\/fr\/wp-json\/wp\/v2\/pages"}],"about":[{"href":"https:\/\/www.oros.com\/fr\/wp-json\/wp\/v2\/types\/page"}],"author":[{"embeddable":true,"href":"https:\/\/www.oros.com\/fr\/wp-json\/wp\/v2\/users\/2"}],"replies":[{"embeddable":true,"href":"https:\/\/www.oros.com\/fr\/wp-json\/wp\/v2\/comments?post=16766"}],"version-history":[{"count":4,"href":"https:\/\/www.oros.com\/fr\/wp-json\/wp\/v2\/pages\/16766\/revisions"}],"predecessor-version":[{"id":93751,"href":"https:\/\/www.oros.com\/fr\/wp-json\/wp\/v2\/pages\/16766\/revisions\/93751"}],"up":[{"embeddable":true,"href":"https:\/\/www.oros.com\/fr\/wp-json\/wp\/v2\/pages\/16432"}],"wp:featuredmedia":[{"embeddable":true,"href":"https:\/\/www.oros.com\/fr\/wp-json\/wp\/v2\/media\/11659"}],"wp:attachment":[{"href":"https:\/\/www.oros.com\/fr\/wp-json\/wp\/v2\/media?parent=16766"}],"curies":[{"name":"wp","href":"https:\/\/api.w.org\/{rel}","templated":true}]}}