{"id":19330,"date":"2020-04-06T20:46:56","date_gmt":"2020-04-06T18:46:56","guid":{"rendered":"https:\/\/www.oros.com\/services\/webinars\/"},"modified":"2021-10-28T15:09:48","modified_gmt":"2021-10-28T13:09:48","slug":"webinaires","status":"publish","type":"page","link":"https:\/\/www.oros.com\/fr\/services\/webinaires\/","title":{"rendered":"Webinaires"},"content":{"rendered":"<p>Les webinaires sont des s\u00e9minaires en ligne en anglais propos\u00e9s par nos experts en vibrations. L&rsquo;inscription est gratuite.<\/p>\n<p>&nbsp;<\/p>\n<p>Retrouvez tous les webinaires <a href=\"https:\/\/www.oros.com\/services\/webinars\/\" target=\"_blank\" rel=\"noopener\">ici<\/a>.<\/p>\n<p>Ils sont enregistr\u00e9s et peuvent \u00eatre r\u00e9\u00e9cout\u00e9s. Pour plus d&rsquo;informations, contactez <a href=\"mailto:webinar@oros.com\">webinar@oros.com.<\/a><\/p>\n","protected":false},"excerpt":{"rendered":"<p>Les webinaires sont des s\u00e9minaires en ligne en anglais propos\u00e9s par nos experts en vibrations. L&rsquo;inscription est gratuite. &nbsp; Retrouvez&#8230; <span class=\"moretag btn btn--right btn--bold\">Lire la suite<\/span><\/p>\n","protected":false},"author":4,"featured_media":19285,"parent":16432,"menu_order":6,"comment_status":"closed","ping_status":"closed","template":"views\/solutions.blade.php","meta":{"_acf_changed":false,"inline_featured_image":false,"footnotes":""},"class_list":["post-19330","page","type-page","status-publish","has-post-thumbnail","hentry"],"acf":[],"yoast_head":"<!-- This site is optimized with the Yoast SEO plugin v27.5 - https:\/\/yoast.com\/product\/yoast-seo-wordpress\/ -->\n<title>Webinaires - OROS<\/title>\n<meta name=\"robots\" content=\"index, follow, max-snippet:-1, max-image-preview:large, max-video-preview:-1\" \/>\n<link rel=\"canonical\" href=\"https:\/\/www.oros.com\/fr\/services\/webinaires\/\" \/>\n<meta property=\"og:locale\" content=\"fr_FR\" \/>\n<meta property=\"og:type\" content=\"article\" \/>\n<meta property=\"og:title\" content=\"Webinaires - OROS\" \/>\n<meta property=\"og:description\" content=\"Les webinaires sont des s\u00e9minaires en ligne en anglais propos\u00e9s par nos experts en vibrations. L&rsquo;inscription est gratuite. &nbsp; Retrouvez... Lire la suite\" \/>\n<meta property=\"og:url\" content=\"https:\/\/www.oros.com\/fr\/services\/webinaires\/\" \/>\n<meta property=\"og:site_name\" content=\"OROS\" \/>\n<meta property=\"article:modified_time\" content=\"2021-10-28T13:09:48+00:00\" \/>\n<meta property=\"og:image\" content=\"https:\/\/www.oros.com\/wp-content\/uploads\/2021\/10\/webinars-lr-1.jpg\" \/>\n\t<meta property=\"og:image:width\" content=\"1000\" \/>\n\t<meta property=\"og:image:height\" content=\"690\" \/>\n\t<meta property=\"og:image:type\" content=\"image\/jpeg\" \/>\n<meta name=\"twitter:card\" content=\"summary_large_image\" \/>\n<meta name=\"twitter:label1\" content=\"Dur\u00e9e de lecture estim\u00e9e\" \/>\n\t<meta name=\"twitter:data1\" content=\"1 minute\" \/>\n<script type=\"application\/ld+json\" class=\"yoast-schema-graph\">{\"@context\":\"https:\\\/\\\/schema.org\",\"@graph\":[{\"@type\":\"WebPage\",\"@id\":\"https:\\\/\\\/www.oros.com\\\/fr\\\/services\\\/webinaires\\\/\",\"url\":\"https:\\\/\\\/www.oros.com\\\/fr\\\/services\\\/webinaires\\\/\",\"name\":\"Webinaires - OROS\",\"isPartOf\":{\"@id\":\"https:\\\/\\\/www.oros.com\\\/#website\"},\"primaryImageOfPage\":{\"@id\":\"https:\\\/\\\/www.oros.com\\\/fr\\\/services\\\/webinaires\\\/#primaryimage\"},\"image\":{\"@id\":\"https:\\\/\\\/www.oros.com\\\/fr\\\/services\\\/webinaires\\\/#primaryimage\"},\"thumbnailUrl\":\"https:\\\/\\\/www.oros.com\\\/wp-content\\\/uploads\\\/2021\\\/10\\\/webinars-lr-1.jpg\",\"datePublished\":\"2020-04-06T18:46:56+00:00\",\"dateModified\":\"2021-10-28T13:09:48+00:00\",\"breadcrumb\":{\"@id\":\"https:\\\/\\\/www.oros.com\\\/fr\\\/services\\\/webinaires\\\/#breadcrumb\"},\"inLanguage\":\"fr-FR\",\"potentialAction\":[{\"@type\":\"ReadAction\",\"target\":[\"https:\\\/\\\/www.oros.com\\\/fr\\\/services\\\/webinaires\\\/\"]}]},{\"@type\":\"ImageObject\",\"inLanguage\":\"fr-FR\",\"@id\":\"https:\\\/\\\/www.oros.com\\\/fr\\\/services\\\/webinaires\\\/#primaryimage\",\"url\":\"https:\\\/\\\/www.oros.com\\\/wp-content\\\/uploads\\\/2021\\\/10\\\/webinars-lr-1.jpg\",\"contentUrl\":\"https:\\\/\\\/www.oros.com\\\/wp-content\\\/uploads\\\/2021\\\/10\\\/webinars-lr-1.jpg\",\"width\":1000,\"height\":690},{\"@type\":\"BreadcrumbList\",\"@id\":\"https:\\\/\\\/www.oros.com\\\/fr\\\/services\\\/webinaires\\\/#breadcrumb\",\"itemListElement\":[{\"@type\":\"ListItem\",\"position\":1,\"name\":\"Accueil\",\"item\":\"https:\\\/\\\/www.oros.com\\\/fr\\\/\"},{\"@type\":\"ListItem\",\"position\":2,\"name\":\"Services\",\"item\":\"https:\\\/\\\/www.oros.com\\\/fr\\\/services\\\/\"},{\"@type\":\"ListItem\",\"position\":3,\"name\":\"Webinaires\"}]},{\"@type\":\"WebSite\",\"@id\":\"https:\\\/\\\/www.oros.com\\\/#website\",\"url\":\"https:\\\/\\\/www.oros.com\\\/\",\"name\":\"OROS\",\"description\":\"Measuring noise &amp; vibration\",\"potentialAction\":[{\"@type\":\"SearchAction\",\"target\":{\"@type\":\"EntryPoint\",\"urlTemplate\":\"https:\\\/\\\/www.oros.com\\\/?s={search_term_string}\"},\"query-input\":{\"@type\":\"PropertyValueSpecification\",\"valueRequired\":true,\"valueName\":\"search_term_string\"}}],\"inLanguage\":\"fr-FR\"}]}<\/script>\n<!-- \/ Yoast SEO plugin. -->","yoast_head_json":{"title":"Webinaires - OROS","robots":{"index":"index","follow":"follow","max-snippet":"max-snippet:-1","max-image-preview":"max-image-preview:large","max-video-preview":"max-video-preview:-1"},"canonical":"https:\/\/www.oros.com\/fr\/services\/webinaires\/","og_locale":"fr_FR","og_type":"article","og_title":"Webinaires - OROS","og_description":"Les webinaires sont des s\u00e9minaires en ligne en anglais propos\u00e9s par nos experts en vibrations. L&rsquo;inscription est gratuite. &nbsp; Retrouvez... Lire la suite","og_url":"https:\/\/www.oros.com\/fr\/services\/webinaires\/","og_site_name":"OROS","article_modified_time":"2021-10-28T13:09:48+00:00","og_image":[{"width":1000,"height":690,"url":"https:\/\/www.oros.com\/wp-content\/uploads\/2021\/10\/webinars-lr-1.jpg","type":"image\/jpeg"}],"twitter_card":"summary_large_image","twitter_misc":{"Dur\u00e9e de lecture estim\u00e9e":"1 minute"},"schema":{"@context":"https:\/\/schema.org","@graph":[{"@type":"WebPage","@id":"https:\/\/www.oros.com\/fr\/services\/webinaires\/","url":"https:\/\/www.oros.com\/fr\/services\/webinaires\/","name":"Webinaires - OROS","isPartOf":{"@id":"https:\/\/www.oros.com\/#website"},"primaryImageOfPage":{"@id":"https:\/\/www.oros.com\/fr\/services\/webinaires\/#primaryimage"},"image":{"@id":"https:\/\/www.oros.com\/fr\/services\/webinaires\/#primaryimage"},"thumbnailUrl":"https:\/\/www.oros.com\/wp-content\/uploads\/2021\/10\/webinars-lr-1.jpg","datePublished":"2020-04-06T18:46:56+00:00","dateModified":"2021-10-28T13:09:48+00:00","breadcrumb":{"@id":"https:\/\/www.oros.com\/fr\/services\/webinaires\/#breadcrumb"},"inLanguage":"fr-FR","potentialAction":[{"@type":"ReadAction","target":["https:\/\/www.oros.com\/fr\/services\/webinaires\/"]}]},{"@type":"ImageObject","inLanguage":"fr-FR","@id":"https:\/\/www.oros.com\/fr\/services\/webinaires\/#primaryimage","url":"https:\/\/www.oros.com\/wp-content\/uploads\/2021\/10\/webinars-lr-1.jpg","contentUrl":"https:\/\/www.oros.com\/wp-content\/uploads\/2021\/10\/webinars-lr-1.jpg","width":1000,"height":690},{"@type":"BreadcrumbList","@id":"https:\/\/www.oros.com\/fr\/services\/webinaires\/#breadcrumb","itemListElement":[{"@type":"ListItem","position":1,"name":"Accueil","item":"https:\/\/www.oros.com\/fr\/"},{"@type":"ListItem","position":2,"name":"Services","item":"https:\/\/www.oros.com\/fr\/services\/"},{"@type":"ListItem","position":3,"name":"Webinaires"}]},{"@type":"WebSite","@id":"https:\/\/www.oros.com\/#website","url":"https:\/\/www.oros.com\/","name":"OROS","description":"Measuring noise &amp; vibration","potentialAction":[{"@type":"SearchAction","target":{"@type":"EntryPoint","urlTemplate":"https:\/\/www.oros.com\/?s={search_term_string}"},"query-input":{"@type":"PropertyValueSpecification","valueRequired":true,"valueName":"search_term_string"}}],"inLanguage":"fr-FR"}]}},"_links":{"self":[{"href":"https:\/\/www.oros.com\/fr\/wp-json\/wp\/v2\/pages\/19330","targetHints":{"allow":["GET"]}}],"collection":[{"href":"https:\/\/www.oros.com\/fr\/wp-json\/wp\/v2\/pages"}],"about":[{"href":"https:\/\/www.oros.com\/fr\/wp-json\/wp\/v2\/types\/page"}],"author":[{"embeddable":true,"href":"https:\/\/www.oros.com\/fr\/wp-json\/wp\/v2\/users\/4"}],"replies":[{"embeddable":true,"href":"https:\/\/www.oros.com\/fr\/wp-json\/wp\/v2\/comments?post=19330"}],"version-history":[{"count":2,"href":"https:\/\/www.oros.com\/fr\/wp-json\/wp\/v2\/pages\/19330\/revisions"}],"predecessor-version":[{"id":19335,"href":"https:\/\/www.oros.com\/fr\/wp-json\/wp\/v2\/pages\/19330\/revisions\/19335"}],"up":[{"embeddable":true,"href":"https:\/\/www.oros.com\/fr\/wp-json\/wp\/v2\/pages\/16432"}],"wp:featuredmedia":[{"embeddable":true,"href":"https:\/\/www.oros.com\/fr\/wp-json\/wp\/v2\/media\/19285"}],"wp:attachment":[{"href":"https:\/\/www.oros.com\/fr\/wp-json\/wp\/v2\/media?parent=19330"}],"curies":[{"name":"wp","href":"https:\/\/api.w.org\/{rel}","templated":true}]}}