{"id":93776,"date":"2022-02-07T12:24:38","date_gmt":"2022-02-07T11:24:38","guid":{"rendered":"https:\/\/www.oros.com\/produits\/bruit-vibration-general\/customization-and-automation\/"},"modified":"2022-10-04T14:41:22","modified_gmt":"2022-10-04T12:41:22","slug":"personnalisation-et-automatisation","status":"publish","type":"page","link":"https:\/\/www.oros.com\/fr\/produits\/bruit-vibration-general\/personnalisation-et-automatisation\/","title":{"rendered":"Personnalisation et automatisation"},"content":{"rendered":"","protected":false},"excerpt":{"rendered":"","protected":false},"author":5,"featured_media":69745,"parent":16147,"menu_order":5,"comment_status":"closed","ping_status":"closed","template":"views\/solutions.blade.php","meta":{"_acf_changed":false,"inline_featured_image":false,"footnotes":""},"class_list":["post-93776","page","type-page","status-publish","has-post-thumbnail","hentry"],"acf":[],"yoast_head":"<!-- This site is optimized with the Yoast SEO plugin v27.5 - https:\/\/yoast.com\/product\/yoast-seo-wordpress\/ -->\n<title>Outils pour automatiser les tests de bruit et vibration - OROS<\/title>\n<meta name=\"description\" content=\"Sp\u00e9cialement d\u00e9velopp\u00e9s pour les programmateurs et d\u00e9veloppeurs pour automatiser les process de mesures. A int\u00e9grer selon l&#039;expertise.\" \/>\n<meta name=\"robots\" content=\"index, follow, max-snippet:-1, max-image-preview:large, max-video-preview:-1\" \/>\n<link rel=\"canonical\" href=\"https:\/\/www.oros.com\/fr\/produits\/bruit-vibration-general\/personnalisation-et-automatisation\/\" \/>\n<meta property=\"og:locale\" content=\"fr_FR\" \/>\n<meta property=\"og:type\" content=\"article\" \/>\n<meta property=\"og:title\" content=\"Outils pour automatiser les tests de bruit et vibration - OROS\" \/>\n<meta property=\"og:description\" content=\"Sp\u00e9cialement d\u00e9velopp\u00e9s pour les programmateurs et d\u00e9veloppeurs pour automatiser les process de mesures. A int\u00e9grer selon l&#039;expertise.\" \/>\n<meta property=\"og:url\" content=\"https:\/\/www.oros.com\/fr\/produits\/bruit-vibration-general\/personnalisation-et-automatisation\/\" \/>\n<meta property=\"og:site_name\" content=\"OROS\" \/>\n<meta property=\"article:modified_time\" content=\"2022-10-04T12:41:22+00:00\" \/>\n<meta property=\"og:image\" content=\"https:\/\/www.oros.com\/wp-content\/uploads\/2022\/06\/image-nvdrive.png\" \/>\n\t<meta property=\"og:image:width\" content=\"949\" \/>\n\t<meta property=\"og:image:height\" content=\"614\" \/>\n\t<meta property=\"og:image:type\" content=\"image\/png\" \/>\n<meta name=\"twitter:card\" content=\"summary_large_image\" \/>\n<script type=\"application\/ld+json\" class=\"yoast-schema-graph\">{\"@context\":\"https:\\\/\\\/schema.org\",\"@graph\":[{\"@type\":\"WebPage\",\"@id\":\"https:\\\/\\\/www.oros.com\\\/fr\\\/produits\\\/bruit-vibration-general\\\/personnalisation-et-automatisation\\\/\",\"url\":\"https:\\\/\\\/www.oros.com\\\/fr\\\/produits\\\/bruit-vibration-general\\\/personnalisation-et-automatisation\\\/\",\"name\":\"Outils pour automatiser les tests de bruit et vibration - OROS\",\"isPartOf\":{\"@id\":\"https:\\\/\\\/www.oros.com\\\/#website\"},\"primaryImageOfPage\":{\"@id\":\"https:\\\/\\\/www.oros.com\\\/fr\\\/produits\\\/bruit-vibration-general\\\/personnalisation-et-automatisation\\\/#primaryimage\"},\"image\":{\"@id\":\"https:\\\/\\\/www.oros.com\\\/fr\\\/produits\\\/bruit-vibration-general\\\/personnalisation-et-automatisation\\\/#primaryimage\"},\"thumbnailUrl\":\"https:\\\/\\\/www.oros.com\\\/wp-content\\\/uploads\\\/2022\\\/06\\\/image-nvdrive.png\",\"datePublished\":\"2022-02-07T11:24:38+00:00\",\"dateModified\":\"2022-10-04T12:41:22+00:00\",\"description\":\"Sp\u00e9cialement d\u00e9velopp\u00e9s pour les programmateurs et d\u00e9veloppeurs pour automatiser les process de mesures. A int\u00e9grer selon l'expertise.\",\"breadcrumb\":{\"@id\":\"https:\\\/\\\/www.oros.com\\\/fr\\\/produits\\\/bruit-vibration-general\\\/personnalisation-et-automatisation\\\/#breadcrumb\"},\"inLanguage\":\"fr-FR\",\"potentialAction\":[{\"@type\":\"ReadAction\",\"target\":[\"https:\\\/\\\/www.oros.com\\\/fr\\\/produits\\\/bruit-vibration-general\\\/personnalisation-et-automatisation\\\/\"]}]},{\"@type\":\"ImageObject\",\"inLanguage\":\"fr-FR\",\"@id\":\"https:\\\/\\\/www.oros.com\\\/fr\\\/produits\\\/bruit-vibration-general\\\/personnalisation-et-automatisation\\\/#primaryimage\",\"url\":\"https:\\\/\\\/www.oros.com\\\/wp-content\\\/uploads\\\/2022\\\/06\\\/image-nvdrive.png\",\"contentUrl\":\"https:\\\/\\\/www.oros.com\\\/wp-content\\\/uploads\\\/2022\\\/06\\\/image-nvdrive.png\",\"width\":949,\"height\":614},{\"@type\":\"BreadcrumbList\",\"@id\":\"https:\\\/\\\/www.oros.com\\\/fr\\\/produits\\\/bruit-vibration-general\\\/personnalisation-et-automatisation\\\/#breadcrumb\",\"itemListElement\":[{\"@type\":\"ListItem\",\"position\":1,\"name\":\"Accueil\",\"item\":\"https:\\\/\\\/www.oros.com\\\/fr\\\/\"},{\"@type\":\"ListItem\",\"position\":2,\"name\":\"Produits\",\"item\":\"https:\\\/\\\/www.oros.com\\\/fr\\\/produits\\\/\"},{\"@type\":\"ListItem\",\"position\":3,\"name\":\"Bruit et vibration &#8211; G\u00e9n\u00e9ral\",\"item\":\"https:\\\/\\\/www.oros.com\\\/fr\\\/produits\\\/bruit-vibration-general\\\/\"},{\"@type\":\"ListItem\",\"position\":4,\"name\":\"Personnalisation et automatisation\"}]},{\"@type\":\"WebSite\",\"@id\":\"https:\\\/\\\/www.oros.com\\\/#website\",\"url\":\"https:\\\/\\\/www.oros.com\\\/\",\"name\":\"OROS\",\"description\":\"Measuring noise &amp; vibration\",\"potentialAction\":[{\"@type\":\"SearchAction\",\"target\":{\"@type\":\"EntryPoint\",\"urlTemplate\":\"https:\\\/\\\/www.oros.com\\\/?s={search_term_string}\"},\"query-input\":{\"@type\":\"PropertyValueSpecification\",\"valueRequired\":true,\"valueName\":\"search_term_string\"}}],\"inLanguage\":\"fr-FR\"}]}<\/script>\n<!-- \/ Yoast SEO plugin. -->","yoast_head_json":{"title":"Outils pour automatiser les tests de bruit et vibration - OROS","description":"Sp\u00e9cialement d\u00e9velopp\u00e9s pour les programmateurs et d\u00e9veloppeurs pour automatiser les process de mesures. A int\u00e9grer selon l'expertise.","robots":{"index":"index","follow":"follow","max-snippet":"max-snippet:-1","max-image-preview":"max-image-preview:large","max-video-preview":"max-video-preview:-1"},"canonical":"https:\/\/www.oros.com\/fr\/produits\/bruit-vibration-general\/personnalisation-et-automatisation\/","og_locale":"fr_FR","og_type":"article","og_title":"Outils pour automatiser les tests de bruit et vibration - OROS","og_description":"Sp\u00e9cialement d\u00e9velopp\u00e9s pour les programmateurs et d\u00e9veloppeurs pour automatiser les process de mesures. A int\u00e9grer selon l'expertise.","og_url":"https:\/\/www.oros.com\/fr\/produits\/bruit-vibration-general\/personnalisation-et-automatisation\/","og_site_name":"OROS","article_modified_time":"2022-10-04T12:41:22+00:00","og_image":[{"width":949,"height":614,"url":"https:\/\/www.oros.com\/wp-content\/uploads\/2022\/06\/image-nvdrive.png","type":"image\/png"}],"twitter_card":"summary_large_image","schema":{"@context":"https:\/\/schema.org","@graph":[{"@type":"WebPage","@id":"https:\/\/www.oros.com\/fr\/produits\/bruit-vibration-general\/personnalisation-et-automatisation\/","url":"https:\/\/www.oros.com\/fr\/produits\/bruit-vibration-general\/personnalisation-et-automatisation\/","name":"Outils pour automatiser les tests de bruit et vibration - OROS","isPartOf":{"@id":"https:\/\/www.oros.com\/#website"},"primaryImageOfPage":{"@id":"https:\/\/www.oros.com\/fr\/produits\/bruit-vibration-general\/personnalisation-et-automatisation\/#primaryimage"},"image":{"@id":"https:\/\/www.oros.com\/fr\/produits\/bruit-vibration-general\/personnalisation-et-automatisation\/#primaryimage"},"thumbnailUrl":"https:\/\/www.oros.com\/wp-content\/uploads\/2022\/06\/image-nvdrive.png","datePublished":"2022-02-07T11:24:38+00:00","dateModified":"2022-10-04T12:41:22+00:00","description":"Sp\u00e9cialement d\u00e9velopp\u00e9s pour les programmateurs et d\u00e9veloppeurs pour automatiser les process de mesures. A int\u00e9grer selon l'expertise.","breadcrumb":{"@id":"https:\/\/www.oros.com\/fr\/produits\/bruit-vibration-general\/personnalisation-et-automatisation\/#breadcrumb"},"inLanguage":"fr-FR","potentialAction":[{"@type":"ReadAction","target":["https:\/\/www.oros.com\/fr\/produits\/bruit-vibration-general\/personnalisation-et-automatisation\/"]}]},{"@type":"ImageObject","inLanguage":"fr-FR","@id":"https:\/\/www.oros.com\/fr\/produits\/bruit-vibration-general\/personnalisation-et-automatisation\/#primaryimage","url":"https:\/\/www.oros.com\/wp-content\/uploads\/2022\/06\/image-nvdrive.png","contentUrl":"https:\/\/www.oros.com\/wp-content\/uploads\/2022\/06\/image-nvdrive.png","width":949,"height":614},{"@type":"BreadcrumbList","@id":"https:\/\/www.oros.com\/fr\/produits\/bruit-vibration-general\/personnalisation-et-automatisation\/#breadcrumb","itemListElement":[{"@type":"ListItem","position":1,"name":"Accueil","item":"https:\/\/www.oros.com\/fr\/"},{"@type":"ListItem","position":2,"name":"Produits","item":"https:\/\/www.oros.com\/fr\/produits\/"},{"@type":"ListItem","position":3,"name":"Bruit et vibration &#8211; G\u00e9n\u00e9ral","item":"https:\/\/www.oros.com\/fr\/produits\/bruit-vibration-general\/"},{"@type":"ListItem","position":4,"name":"Personnalisation et automatisation"}]},{"@type":"WebSite","@id":"https:\/\/www.oros.com\/#website","url":"https:\/\/www.oros.com\/","name":"OROS","description":"Measuring noise &amp; vibration","potentialAction":[{"@type":"SearchAction","target":{"@type":"EntryPoint","urlTemplate":"https:\/\/www.oros.com\/?s={search_term_string}"},"query-input":{"@type":"PropertyValueSpecification","valueRequired":true,"valueName":"search_term_string"}}],"inLanguage":"fr-FR"}]}},"_links":{"self":[{"href":"https:\/\/www.oros.com\/fr\/wp-json\/wp\/v2\/pages\/93776","targetHints":{"allow":["GET"]}}],"collection":[{"href":"https:\/\/www.oros.com\/fr\/wp-json\/wp\/v2\/pages"}],"about":[{"href":"https:\/\/www.oros.com\/fr\/wp-json\/wp\/v2\/types\/page"}],"author":[{"embeddable":true,"href":"https:\/\/www.oros.com\/fr\/wp-json\/wp\/v2\/users\/5"}],"replies":[{"embeddable":true,"href":"https:\/\/www.oros.com\/fr\/wp-json\/wp\/v2\/comments?post=93776"}],"version-history":[{"count":8,"href":"https:\/\/www.oros.com\/fr\/wp-json\/wp\/v2\/pages\/93776\/revisions"}],"predecessor-version":[{"id":128849,"href":"https:\/\/www.oros.com\/fr\/wp-json\/wp\/v2\/pages\/93776\/revisions\/128849"}],"up":[{"embeddable":true,"href":"https:\/\/www.oros.com\/fr\/wp-json\/wp\/v2\/pages\/16147"}],"wp:featuredmedia":[{"embeddable":true,"href":"https:\/\/www.oros.com\/fr\/wp-json\/wp\/v2\/media\/69745"}],"wp:attachment":[{"href":"https:\/\/www.oros.com\/fr\/wp-json\/wp\/v2\/media?parent=93776"}],"curies":[{"name":"wp","href":"https:\/\/api.w.org\/{rel}","templated":true}]}}